{"id":881,"date":"2025-02-06T08:25:02","date_gmt":"2025-02-06T08:25:02","guid":{"rendered":"https:\/\/careeducation.eu\/?page_id=881"},"modified":"2025-09-15T07:48:12","modified_gmt":"2025-09-15T07:48:12","slug":"resultats","status":"publish","type":"page","link":"https:\/\/careeducation.eu\/ca\/resultats","title":{"rendered":"Resultats"},"content":{"rendered":"\t\t<div data-elementor-type=\"wp-page\" data-elementor-id=\"881\" class=\"elementor elementor-881 elementor-543\" data-elementor-post-type=\"page\">\n\t\t\t\t<div class=\"elementor-element elementor-element-02e6ac9 e-flex e-con-boxed e-con e-parent\" data-id=\"02e6ac9\" data-element_type=\"container\" data-e-type=\"container\" data-settings=\"{&quot;background_background&quot;:&quot;classic&quot;,&quot;jet_parallax_layout_list&quot;:[]}\">\n\t\t\t\t\t<div class=\"e-con-inner\">\n\t\t\t\t<div class=\"elementor-element elementor-element-3a26e63 elementor-headline--style-highlight elementor-widget elementor-widget-animated-headline\" data-id=\"3a26e63\" data-element_type=\"widget\" data-e-type=\"widget\" data-settings=\"{&quot;marker&quot;:&quot;underline&quot;,&quot;highlighted_text&quot;:&quot;Resultats&quot;,&quot;headline_style&quot;:&quot;highlight&quot;,&quot;loop&quot;:&quot;yes&quot;,&quot;highlight_animation_duration&quot;:1200,&quot;highlight_iteration_delay&quot;:8000}\" data-widget_type=\"animated-headline.default\">\n\t\t\t\t<div class=\"elementor-widget-container\">\n\t\t\t\t\t\t\t<h3 class=\"elementor-headline\">\n\t\t\t\t<span class=\"elementor-headline-dynamic-wrapper elementor-headline-text-wrapper\">\n\t\t\t\t\t<span class=\"elementor-headline-dynamic-text elementor-headline-text-active\">Resultats<\/span>\n\t\t\t\t<\/span>\n\t\t\t\t<\/h3>\n\t\t\t\t\t\t<\/div>\n\t\t\t\t<\/div>\n\t\t\t\t\t<\/div>\n\t\t\t\t<\/div>\n\t\t<div data-ep-wrapper-link=\"{&quot;url&quot;:&quot;https:\\\/\\\/careeducation.eu\\\/wp-content\\\/uploads\\\/2025\\\/09\\\/CA_CARE_Methodological-Guidebook.pdf&quot;,&quot;is_external&quot;:&quot;on&quot;,&quot;nofollow&quot;:&quot;&quot;,&quot;custom_attributes&quot;:&quot;&quot;}\" style=\"cursor: pointer\" class=\"bdt-element-link elementor-element elementor-element-76d0c64 e-flex e-con-boxed e-con e-parent\" data-id=\"76d0c64\" data-element_type=\"container\" data-e-type=\"container\" data-settings=\"{&quot;jet_parallax_layout_list&quot;:[]}\">\n\t\t\t\t\t<div class=\"e-con-inner\">\n\t\t\t\t<div class=\"elementor-element elementor-element-71dc25f elementor-invisible elementor-widget elementor-widget-image\" data-id=\"71dc25f\" data-element_type=\"widget\" data-e-type=\"widget\" data-settings=\"{&quot;_animation&quot;:&quot;fadeInLeft&quot;}\" data-widget_type=\"image.default\">\n\t\t\t\t<div class=\"elementor-widget-container\">\n\t\t\t\t\t\t\t\t\t\t\t\t\t\t\t<img fetchpriority=\"high\" decoding=\"async\" width=\"225\" height=\"225\" src=\"https:\/\/careeducation.eu\/wp-content\/uploads\/2025\/02\/images.jpg\" class=\"attachment-full size-full wp-image-814\" alt=\"\" srcset=\"https:\/\/careeducation.eu\/wp-content\/uploads\/2025\/02\/images.jpg 225w, https:\/\/careeducation.eu\/wp-content\/uploads\/2025\/02\/images-150x150.jpg 150w\" sizes=\"(max-width: 225px) 100vw, 225px\" \/>\t\t\t\t\t\t\t\t\t\t\t\t\t\t\t<\/div>\n\t\t\t\t<\/div>\n\t\t<div class=\"elementor-element elementor-element-a20a534 e-con-full e-flex e-con e-child\" data-id=\"a20a534\" data-element_type=\"container\" data-e-type=\"container\" data-settings=\"{&quot;jet_parallax_layout_list&quot;:[]}\">\n\t\t\t\t<div class=\"elementor-element elementor-element-227c47e title1 elementor-invisible elementor-widget elementor-widget-text-editor\" data-id=\"227c47e\" data-element_type=\"widget\" data-e-type=\"widget\" data-settings=\"{&quot;_animation&quot;:&quot;fadeInDown&quot;}\" data-widget_type=\"text-editor.default\">\n\t\t\t\t<div class=\"elementor-widget-container\">\n\t\t\t\t\t\t\t\t\t<p>GUIA DID\u00c0CTICA<\/p>\t\t\t\t\t\t\t\t<\/div>\n\t\t\t\t<\/div>\n\t\t\t\t<div class=\"elementor-element elementor-element-1218112 text1 elementor-invisible elementor-widget elementor-widget-text-editor\" data-id=\"1218112\" data-element_type=\"widget\" data-e-type=\"widget\" data-settings=\"{&quot;_animation&quot;:&quot;fadeInUp&quot;}\" data-widget_type=\"text-editor.default\">\n\t\t\t\t<div class=\"elementor-widget-container\">\n\t\t\t\t\t\t\t\t\t<p><span class=\"Y2IQFc\" lang=\"ca\">Aquesta guia completa proporciona als educadors les millors pr\u00e0ctiques, metodologies basades en la investigaci\u00f3 i eines pr\u00e0ctiques per implementar l&#8217;aprenentatge integrat de continguts i lleng\u00fces (CLIL). Se centra a donar suport a l&#8217;adquisici\u00f3 de la llengua alhora que promou el coneixement de l&#8217;assignatura, posant \u00e8mfasi en la inclusi\u00f3 i l&#8217;adaptaci\u00f3 a les aules multiculturals.<\/span><\/p>\t\t\t\t\t\t\t\t<\/div>\n\t\t\t\t<\/div>\n\t\t\t\t<\/div>\n\t\t\t\t<div class=\"elementor-element elementor-element-ea5bedb elementor-align-center elementor-invisible elementor-widget elementor-widget-button\" data-id=\"ea5bedb\" data-element_type=\"widget\" data-e-type=\"widget\" data-settings=\"{&quot;_animation&quot;:&quot;fadeInRight&quot;}\" data-widget_type=\"button.default\">\n\t\t\t\t<div class=\"elementor-widget-container\">\n\t\t\t\t\t\t\t\t\t<div class=\"elementor-button-wrapper\">\n\t\t\t\t\t<a class=\"elementor-button elementor-button-link elementor-size-sm elementor-animation-grow\" href=\"#\">\n\t\t\t\t\t\t<span class=\"elementor-button-content-wrapper\">\n\t\t\t\t\t\t\t\t\t<span class=\"elementor-button-text\">Veure m\u00e9s<\/span>\n\t\t\t\t\t<\/span>\n\t\t\t\t\t<\/a>\n\t\t\t\t<\/div>\n\t\t\t\t\t\t\t\t<\/div>\n\t\t\t\t<\/div>\n\t\t\t\t\t<\/div>\n\t\t\t\t<\/div>\n\t\t<div data-ep-wrapper-link=\"{&quot;url&quot;:&quot;https:\\\/\\\/careeducation.eu\\\/ca\\\/cursos&quot;,&quot;is_external&quot;:&quot;on&quot;,&quot;nofollow&quot;:&quot;&quot;,&quot;custom_attributes&quot;:&quot;&quot;}\" style=\"cursor: pointer\" class=\"bdt-element-link elementor-element elementor-element-8a156c0 e-flex e-con-boxed e-con e-parent\" data-id=\"8a156c0\" data-element_type=\"container\" data-e-type=\"container\" data-settings=\"{&quot;jet_parallax_layout_list&quot;:[]}\">\n\t\t\t\t\t<div class=\"e-con-inner\">\n\t\t\t\t<div class=\"elementor-element elementor-element-1aa0f3e elementor-invisible elementor-widget elementor-widget-image\" data-id=\"1aa0f3e\" data-element_type=\"widget\" data-e-type=\"widget\" data-settings=\"{&quot;_animation&quot;:&quot;fadeInLeft&quot;}\" data-widget_type=\"image.default\">\n\t\t\t\t<div class=\"elementor-widget-container\">\n\t\t\t\t\t\t\t\t\t\t\t\t\t\t\t<img decoding=\"async\" width=\"225\" height=\"225\" src=\"https:\/\/careeducation.eu\/wp-content\/uploads\/2025\/02\/descarga.png\" class=\"attachment-full size-full wp-image-819\" alt=\"\" srcset=\"https:\/\/careeducation.eu\/wp-content\/uploads\/2025\/02\/descarga.png 225w, https:\/\/careeducation.eu\/wp-content\/uploads\/2025\/02\/descarga-150x150.png 150w\" sizes=\"(max-width: 225px) 100vw, 225px\" \/>\t\t\t\t\t\t\t\t\t\t\t\t\t\t\t<\/div>\n\t\t\t\t<\/div>\n\t\t<div class=\"elementor-element elementor-element-e74948e e-con-full e-flex e-con e-child\" data-id=\"e74948e\" data-element_type=\"container\" data-e-type=\"container\" data-settings=\"{&quot;jet_parallax_layout_list&quot;:[]}\">\n\t\t\t\t<div class=\"elementor-element elementor-element-b316d09 title1 elementor-invisible elementor-widget elementor-widget-text-editor\" data-id=\"b316d09\" data-element_type=\"widget\" data-e-type=\"widget\" data-settings=\"{&quot;_animation&quot;:&quot;fadeInDown&quot;}\" data-widget_type=\"text-editor.default\">\n\t\t\t\t<div class=\"elementor-widget-container\">\n\t\t\t\t\t\t\t\t\t<p>Cursos<\/p>\t\t\t\t\t\t\t\t<\/div>\n\t\t\t\t<\/div>\n\t\t\t\t<div class=\"elementor-element elementor-element-45957e2 text1 elementor-invisible elementor-widget elementor-widget-text-editor\" data-id=\"45957e2\" data-element_type=\"widget\" data-e-type=\"widget\" data-settings=\"{&quot;_animation&quot;:&quot;fadeInUp&quot;}\" data-widget_type=\"text-editor.default\">\n\t\t\t\t<div class=\"elementor-widget-container\">\n\t\t\t\t\t\t\t\t\t<p><span class=\"Y2IQFc\" lang=\"ca\"><strong>El curs d&#8217;idiomes<\/strong> basat en CLIL ofereix m\u00f2duls estructurats adaptats a estudiants de 7 a 14 anys, que integren les habilitats b\u00e0siques de comunicaci\u00f3 interpersonal (BICS) i la compet\u00e8ncia ling\u00fc\u00edstica acad\u00e8mica cognitiva (CALP). Cobrint els nivells A1 a B2, combina l&#8217;aprenentatge d&#8217;idiomes amb contingut acad\u00e8mic, permetent als estudiants migrants prosperar en entorns multiling\u00fces alhora que facilita la seva integraci\u00f3 al sistema educatiu.<\/span><\/p>\t\t\t\t\t\t\t\t<\/div>\n\t\t\t\t<\/div>\n\t\t\t\t<\/div>\n\t\t\t\t<div class=\"elementor-element elementor-element-bcc1589 elementor-align-center elementor-invisible elementor-widget elementor-widget-button\" data-id=\"bcc1589\" data-element_type=\"widget\" data-e-type=\"widget\" data-settings=\"{&quot;_animation&quot;:&quot;fadeInRight&quot;}\" data-widget_type=\"button.default\">\n\t\t\t\t<div class=\"elementor-widget-container\">\n\t\t\t\t\t\t\t\t\t<div class=\"elementor-button-wrapper\">\n\t\t\t\t\t<a class=\"elementor-button elementor-button-link elementor-size-sm elementor-animation-grow\" href=\"#\">\n\t\t\t\t\t\t<span class=\"elementor-button-content-wrapper\">\n\t\t\t\t\t\t\t\t\t<span class=\"elementor-button-text\">Veure m\u00e9s<\/span>\n\t\t\t\t\t<\/span>\n\t\t\t\t\t<\/a>\n\t\t\t\t<\/div>\n\t\t\t\t\t\t\t\t<\/div>\n\t\t\t\t<\/div>\n\t\t\t\t\t<\/div>\n\t\t\t\t<\/div>\n\t\t<div data-ep-wrapper-link=\"{&quot;url&quot;:&quot;https:\\\/\\\/careeducation.eu\\\/ca\\\/mentoria&quot;,&quot;is_external&quot;:&quot;on&quot;,&quot;nofollow&quot;:&quot;&quot;,&quot;custom_attributes&quot;:&quot;&quot;}\" style=\"cursor: pointer\" class=\"bdt-element-link elementor-element elementor-element-784c5ef e-flex e-con-boxed e-con e-parent\" data-id=\"784c5ef\" data-element_type=\"container\" data-e-type=\"container\" data-settings=\"{&quot;jet_parallax_layout_list&quot;:[]}\">\n\t\t\t\t\t<div class=\"e-con-inner\">\n\t\t\t\t<div class=\"elementor-element elementor-element-3eaa5df elementor-widget__width-initial elementor-invisible elementor-widget elementor-widget-image\" data-id=\"3eaa5df\" data-element_type=\"widget\" data-e-type=\"widget\" data-settings=\"{&quot;_animation&quot;:&quot;fadeInLeft&quot;}\" data-widget_type=\"image.default\">\n\t\t\t\t<div class=\"elementor-widget-container\">\n\t\t\t\t\t\t\t\t\t\t\t\t\t\t\t<img decoding=\"async\" width=\"269\" height=\"188\" src=\"https:\/\/careeducation.eu\/wp-content\/uploads\/2025\/02\/descarga.jpg\" class=\"attachment-full size-full wp-image-824\" alt=\"\" \/>\t\t\t\t\t\t\t\t\t\t\t\t\t\t\t<\/div>\n\t\t\t\t<\/div>\n\t\t<div class=\"elementor-element elementor-element-23a0d2c e-con-full e-flex e-con e-child\" data-id=\"23a0d2c\" data-element_type=\"container\" data-e-type=\"container\" data-settings=\"{&quot;jet_parallax_layout_list&quot;:[]}\">\n\t\t\t\t<div class=\"elementor-element elementor-element-37a6985 title1 elementor-invisible elementor-widget elementor-widget-text-editor\" data-id=\"37a6985\" data-element_type=\"widget\" data-e-type=\"widget\" data-settings=\"{&quot;_animation&quot;:&quot;fadeInDown&quot;}\" data-widget_type=\"text-editor.default\">\n\t\t\t\t<div class=\"elementor-widget-container\">\n\t\t\t\t\t\t\t\t\t<p>Mentoria<\/p>\t\t\t\t\t\t\t\t<\/div>\n\t\t\t\t<\/div>\n\t\t\t\t<div class=\"elementor-element elementor-element-50261c8 text1 elementor-invisible elementor-widget elementor-widget-text-editor\" data-id=\"50261c8\" data-element_type=\"widget\" data-e-type=\"widget\" data-settings=\"{&quot;_animation&quot;:&quot;fadeInUp&quot;}\" data-widget_type=\"text-editor.default\">\n\t\t\t\t<div class=\"elementor-widget-container\">\n\t\t\t\t\t\t\t\t\t<p><span class=\"Y2IQFc\" lang=\"ca\"><strong>Programa de mentoria digital basat en TELMS<\/strong>: aquest programa de mentoria integra els sistemes de gesti\u00f3 de l&#8217;aprenentatge millorat per la tecnologia (TELMS) amb eines d&#8217;IA per donar suport als educadors per abordar les necessitats espec\u00edfiques dels estudiants migrants. Proporciona un marc estructurat per a la mentoria digital, posant \u00e8mfasi en l&#8217;orientaci\u00f3 personalitzada, el desenvolupament d&#8217;habilitats i els enfocaments innovadors de l&#8217;educaci\u00f3 ling\u00fc\u00edstica en aules diverses.<\/span><\/p>\t\t\t\t\t\t\t\t<\/div>\n\t\t\t\t<\/div>\n\t\t\t\t<\/div>\n\t\t\t\t<div class=\"elementor-element elementor-element-fd52b33 elementor-align-center elementor-invisible elementor-widget elementor-widget-button\" data-id=\"fd52b33\" data-element_type=\"widget\" data-e-type=\"widget\" data-settings=\"{&quot;_animation&quot;:&quot;fadeInRight&quot;}\" data-widget_type=\"button.default\">\n\t\t\t\t<div class=\"elementor-widget-container\">\n\t\t\t\t\t\t\t\t\t<div class=\"elementor-button-wrapper\">\n\t\t\t\t\t<a class=\"elementor-button elementor-button-link elementor-size-sm elementor-animation-grow\" href=\"#\">\n\t\t\t\t\t\t<span class=\"elementor-button-content-wrapper\">\n\t\t\t\t\t\t\t\t\t<span class=\"elementor-button-text\">Veure m\u00e9s<\/span>\n\t\t\t\t\t<\/span>\n\t\t\t\t\t<\/a>\n\t\t\t\t<\/div>\n\t\t\t\t\t\t\t\t<\/div>\n\t\t\t\t<\/div>\n\t\t\t\t\t<\/div>\n\t\t\t\t<\/div>\n\t\t\t\t<\/div>\n\t\t","protected":false},"excerpt":{"rendered":"<p>Resultats GUIA DID\u00c0CTICA Aquesta guia completa proporciona als educadors les millors pr\u00e0ctiques, metodologies basades en la investigaci\u00f3 i eines pr\u00e0ctiques per implementar l&#8217;aprenentatge integrat de continguts i lleng\u00fces (CLIL). Se centra a donar suport a l&#8217;adquisici\u00f3 de la llengua alhora que promou el coneixement de l&#8217;assignatura, posant \u00e8mfasi en la inclusi\u00f3 i l&#8217;adaptaci\u00f3 a les [&hellip;]<\/p>\n","protected":false},"author":1,"featured_media":0,"parent":0,"menu_order":0,"comment_status":"closed","ping_status":"closed","template":"","meta":{"footnotes":""},"class_list":["post-881","page","type-page","status-publish","hentry"],"_links":{"self":[{"href":"https:\/\/careeducation.eu\/ca\/wp-json\/wp\/v2\/pages\/881","targetHints":{"allow":["GET"]}}],"collection":[{"href":"https:\/\/careeducation.eu\/ca\/wp-json\/wp\/v2\/pages"}],"about":[{"href":"https:\/\/careeducation.eu\/ca\/wp-json\/wp\/v2\/types\/page"}],"author":[{"embeddable":true,"href":"https:\/\/careeducation.eu\/ca\/wp-json\/wp\/v2\/users\/1"}],"replies":[{"embeddable":true,"href":"https:\/\/careeducation.eu\/ca\/wp-json\/wp\/v2\/comments?post=881"}],"version-history":[{"count":38,"href":"https:\/\/careeducation.eu\/ca\/wp-json\/wp\/v2\/pages\/881\/revisions"}],"predecessor-version":[{"id":3498,"href":"https:\/\/careeducation.eu\/ca\/wp-json\/wp\/v2\/pages\/881\/revisions\/3498"}],"wp:attachment":[{"href":"https:\/\/careeducation.eu\/ca\/wp-json\/wp\/v2\/media?parent=881"}],"curies":[{"name":"wp","href":"https:\/\/api.w.org\/{rel}","templated":true}]}}