{"id":2406,"date":"2025-07-03T11:03:42","date_gmt":"2025-07-03T11:03:42","guid":{"rendered":"https:\/\/careeducation.eu\/?page_id=2406"},"modified":"2025-11-03T09:52:44","modified_gmt":"2025-11-03T09:52:44","slug":"mentorstvo","status":"publish","type":"page","link":"https:\/\/careeducation.eu\/hr\/mentorstvo","title":{"rendered":"Mentorstvo"},"content":{"rendered":"\t\t<div data-elementor-type=\"wp-page\" data-elementor-id=\"2406\" class=\"elementor elementor-2406\" data-elementor-post-type=\"page\">\n\t\t\t\t<div class=\"elementor-element elementor-element-9d2b2fc e-flex e-con-boxed e-con e-parent\" data-id=\"9d2b2fc\" data-element_type=\"container\" data-e-type=\"container\" data-settings=\"{&quot;background_background&quot;:&quot;classic&quot;,&quot;jet_parallax_layout_list&quot;:[]}\">\n\t\t\t\t\t<div class=\"e-con-inner\">\n\t\t\t\t<div class=\"elementor-element elementor-element-572b8eb elementor-headline--style-highlight elementor-widget elementor-widget-animated-headline\" data-id=\"572b8eb\" data-element_type=\"widget\" data-e-type=\"widget\" data-settings=\"{&quot;marker&quot;:&quot;underline&quot;,&quot;highlighted_text&quot;:&quot;Mentorstvo&quot;,&quot;headline_style&quot;:&quot;highlight&quot;,&quot;loop&quot;:&quot;yes&quot;,&quot;highlight_animation_duration&quot;:1200,&quot;highlight_iteration_delay&quot;:8000}\" data-widget_type=\"animated-headline.default\">\n\t\t\t\t<div class=\"elementor-widget-container\">\n\t\t\t\t\t\t\t<h3 class=\"elementor-headline\">\n\t\t\t\t<span class=\"elementor-headline-dynamic-wrapper elementor-headline-text-wrapper\">\n\t\t\t\t\t<span class=\"elementor-headline-dynamic-text elementor-headline-text-active\">Mentorstvo<\/span>\n\t\t\t\t<\/span>\n\t\t\t\t<\/h3>\n\t\t\t\t\t\t<\/div>\n\t\t\t\t<\/div>\n\t\t\t\t\t<\/div>\n\t\t\t\t<\/div>\n\t\t<div class=\"elementor-element elementor-element-9bb44cb e-flex e-con-boxed e-con e-parent\" data-id=\"9bb44cb\" data-element_type=\"container\" data-e-type=\"container\" data-settings=\"{&quot;jet_parallax_layout_list&quot;:[]}\">\n\t\t\t\t\t<div class=\"e-con-inner\">\n\t\t\t\t<div class=\"elementor-element elementor-element-3e5b8a2 elementor-widget elementor-widget-text-editor\" data-id=\"3e5b8a2\" data-element_type=\"widget\" data-e-type=\"widget\" data-widget_type=\"text-editor.default\">\n\t\t\t\t<div class=\"elementor-widget-container\">\n\t\t\t\t\t\t\t\t\t<p><span style=\"font-weight: 400;\">Digitalni mentorski program temeljen na TELMS-u s metodolo\u0161kim smjernicama koje uklju\u010duju skup digitalnih alata koji se mogu koristiti za podr\u0161ku jezi\u010dnom obrazovanju migrantske (dvojezi\u010dne) djece u \u0161kolama i njihovom svakodnevnom funkcioniranju.<\/span><\/p>\t\t\t\t\t\t\t\t<\/div>\n\t\t\t\t<\/div>\n\t\t<div class=\"elementor-element elementor-element-c3f9d4c e-con-full e-flex e-con e-child\" data-id=\"c3f9d4c\" data-element_type=\"container\" data-e-type=\"container\" data-settings=\"{&quot;jet_parallax_layout_list&quot;:[]}\">\n\t\t<a class=\"eael-wrapper-link-ad5b68a --eael-wrapper-link-tag\" href=\"https:\/\/careeducation.eu\/hr\/baza-digitalnih-alata\"><\/a><div data-eael-wrapper-link=\"eael-wrapper-link-ad5b68a\" class=\"elementor-element elementor-element-ad5b68a e-con-full e-flex e-con e-child\" data-id=\"ad5b68a\" data-element_type=\"container\" data-e-type=\"container\" data-settings=\"{&quot;background_background&quot;:&quot;classic&quot;,&quot;jet_parallax_layout_list&quot;:[]}\">\n\t\t\t\t<div class=\"elementor-element elementor-element-97e2ebf elementor-widget elementor-widget-heading\" data-id=\"97e2ebf\" data-element_type=\"widget\" data-e-type=\"widget\" data-widget_type=\"heading.default\">\n\t\t\t\t<div class=\"elementor-widget-container\">\n\t\t\t\t\t<h2 class=\"elementor-heading-title elementor-size-default\">BAZA DIGITALNIH ALATA<\/h2>\t\t\t\t<\/div>\n\t\t\t\t<\/div>\n\t\t\t\t<\/div>\n\t\t<a class=\"eael-wrapper-link-fbf8e18 --eael-wrapper-link-tag\" href=\"https:\/\/careeducation.eu\/digital-tools-database\"><\/a><div data-eael-wrapper-link=\"eael-wrapper-link-fbf8e18\" class=\"elementor-element elementor-element-fbf8e18 e-con-full e-flex e-con e-child\" data-id=\"fbf8e18\" data-element_type=\"container\" data-e-type=\"container\" data-settings=\"{&quot;background_background&quot;:&quot;classic&quot;,&quot;jet_parallax_layout_list&quot;:[]}\">\n\t\t\t\t<div class=\"elementor-element elementor-element-8f42afc elementor-widget elementor-widget-heading\" data-id=\"8f42afc\" data-element_type=\"widget\" data-e-type=\"widget\" data-widget_type=\"heading.default\">\n\t\t\t\t<div class=\"elementor-widget-container\">\n\t\t\t\t\t<h2 class=\"elementor-heading-title elementor-size-default\">Digitalni mentorski program temeljen na TELMS-u<\/h2>\t\t\t\t<\/div>\n\t\t\t\t<\/div>\n\t\t\t\t<\/div>\n\t\t\t\t<\/div>\n\t\t\t\t\t<\/div>\n\t\t\t\t<\/div>\n\t\t\t\t<\/div>\n\t\t","protected":false},"excerpt":{"rendered":"<p>Mentorstvo Digitalni mentorski program temeljen na TELMS-u s metodolo\u0161kim smjernicama koje uklju\u010duju skup digitalnih alata koji se mogu koristiti za podr\u0161ku jezi\u010dnom obrazovanju migrantske (dvojezi\u010dne) djece u \u0161kolama i njihovom svakodnevnom funkcioniranju. BAZA DIGITALNIH ALATA Digitalni mentorski program temeljen na TELMS-u<\/p>\n","protected":false},"author":1,"featured_media":0,"parent":0,"menu_order":0,"comment_status":"closed","ping_status":"closed","template":"","meta":{"footnotes":""},"class_list":["post-2406","page","type-page","status-publish","hentry"],"_links":{"self":[{"href":"https:\/\/careeducation.eu\/hr\/wp-json\/wp\/v2\/pages\/2406","targetHints":{"allow":["GET"]}}],"collection":[{"href":"https:\/\/careeducation.eu\/hr\/wp-json\/wp\/v2\/pages"}],"about":[{"href":"https:\/\/careeducation.eu\/hr\/wp-json\/wp\/v2\/types\/page"}],"author":[{"embeddable":true,"href":"https:\/\/careeducation.eu\/hr\/wp-json\/wp\/v2\/users\/1"}],"replies":[{"embeddable":true,"href":"https:\/\/careeducation.eu\/hr\/wp-json\/wp\/v2\/comments?post=2406"}],"version-history":[{"count":13,"href":"https:\/\/careeducation.eu\/hr\/wp-json\/wp\/v2\/pages\/2406\/revisions"}],"predecessor-version":[{"id":3509,"href":"https:\/\/careeducation.eu\/hr\/wp-json\/wp\/v2\/pages\/2406\/revisions\/3509"}],"wp:attachment":[{"href":"https:\/\/careeducation.eu\/hr\/wp-json\/wp\/v2\/media?parent=2406"}],"curies":[{"name":"wp","href":"https:\/\/api.w.org\/{rel}","templated":true}]}}