{"id":926,"date":"2025-02-06T08:25:02","date_gmt":"2025-02-06T08:25:02","guid":{"rendered":"https:\/\/careeducation.eu\/?page_id=926"},"modified":"2025-09-15T07:46:04","modified_gmt":"2025-09-15T07:46:04","slug":"rezultati-projekta","status":"publish","type":"page","link":"https:\/\/careeducation.eu\/hr\/rezultati-projekta","title":{"rendered":"Rezultati projekta"},"content":{"rendered":"\t\t<div data-elementor-type=\"wp-page\" data-elementor-id=\"926\" class=\"elementor elementor-926 elementor-543\" data-elementor-post-type=\"page\">\n\t\t\t\t<div class=\"elementor-element elementor-element-02e6ac9 e-flex e-con-boxed e-con e-parent\" data-id=\"02e6ac9\" data-element_type=\"container\" data-e-type=\"container\" data-settings=\"{&quot;background_background&quot;:&quot;classic&quot;,&quot;jet_parallax_layout_list&quot;:[]}\">\n\t\t\t\t\t<div class=\"e-con-inner\">\n\t\t\t\t<div class=\"elementor-element elementor-element-3a26e63 elementor-headline--style-highlight elementor-widget elementor-widget-animated-headline\" data-id=\"3a26e63\" data-element_type=\"widget\" data-e-type=\"widget\" data-settings=\"{&quot;marker&quot;:&quot;underline&quot;,&quot;highlighted_text&quot;:&quot;projekta&quot;,&quot;headline_style&quot;:&quot;highlight&quot;,&quot;loop&quot;:&quot;yes&quot;,&quot;highlight_animation_duration&quot;:1200,&quot;highlight_iteration_delay&quot;:8000}\" data-widget_type=\"animated-headline.default\">\n\t\t\t\t<div class=\"elementor-widget-container\">\n\t\t\t\t\t\t\t<h3 class=\"elementor-headline\">\n\t\t\t\t\t<span class=\"elementor-headline-plain-text elementor-headline-text-wrapper\">Rezultati <\/span>\n\t\t\t\t<span class=\"elementor-headline-dynamic-wrapper elementor-headline-text-wrapper\">\n\t\t\t\t\t<span class=\"elementor-headline-dynamic-text elementor-headline-text-active\">projekta<\/span>\n\t\t\t\t<\/span>\n\t\t\t\t<\/h3>\n\t\t\t\t\t\t<\/div>\n\t\t\t\t<\/div>\n\t\t\t\t\t<\/div>\n\t\t\t\t<\/div>\n\t\t<div data-ep-wrapper-link=\"{&quot;url&quot;:&quot;https:\\\/\\\/careeducation.eu\\\/wp-content\\\/uploads\\\/2025\\\/09\\\/HR_CROATIAN_CARE_Methodological-Guidebook.pdf&quot;,&quot;is_external&quot;:&quot;on&quot;,&quot;nofollow&quot;:&quot;&quot;,&quot;custom_attributes&quot;:&quot;&quot;}\" style=\"cursor: pointer\" class=\"bdt-element-link elementor-element elementor-element-e328607 e-flex e-con-boxed e-con e-parent\" data-id=\"e328607\" data-element_type=\"container\" data-e-type=\"container\" data-settings=\"{&quot;jet_parallax_layout_list&quot;:[]}\">\n\t\t\t\t\t<div class=\"e-con-inner\">\n\t\t\t\t<div class=\"elementor-element elementor-element-f9706bb elementor-invisible elementor-widget elementor-widget-image\" data-id=\"f9706bb\" data-element_type=\"widget\" data-e-type=\"widget\" data-settings=\"{&quot;_animation&quot;:&quot;fadeInLeft&quot;}\" data-widget_type=\"image.default\">\n\t\t\t\t<div class=\"elementor-widget-container\">\n\t\t\t\t\t\t\t\t\t\t\t\t\t\t\t<img fetchpriority=\"high\" decoding=\"async\" width=\"225\" height=\"225\" src=\"https:\/\/careeducation.eu\/wp-content\/uploads\/2025\/02\/images.jpg\" class=\"attachment-full size-full wp-image-815\" alt=\"\" srcset=\"https:\/\/careeducation.eu\/wp-content\/uploads\/2025\/02\/images.jpg 225w, https:\/\/careeducation.eu\/wp-content\/uploads\/2025\/02\/images-150x150.jpg 150w\" sizes=\"(max-width: 225px) 100vw, 225px\" \/>\t\t\t\t\t\t\t\t\t\t\t\t\t\t\t<\/div>\n\t\t\t\t<\/div>\n\t\t<div class=\"elementor-element elementor-element-17572e1 e-con-full e-flex e-con e-child\" data-id=\"17572e1\" data-element_type=\"container\" data-e-type=\"container\" data-settings=\"{&quot;jet_parallax_layout_list&quot;:[]}\">\n\t\t\t\t<div class=\"elementor-element elementor-element-15887df title1 elementor-invisible elementor-widget elementor-widget-text-editor\" data-id=\"15887df\" data-element_type=\"widget\" data-e-type=\"widget\" data-settings=\"{&quot;_animation&quot;:&quot;fadeInDown&quot;}\" data-widget_type=\"text-editor.default\">\n\t\t\t\t<div class=\"elementor-widget-container\">\n\t\t\t\t\t\t\t\t\t<p>VODI\u010c<\/p>\t\t\t\t\t\t\t\t<\/div>\n\t\t\t\t<\/div>\n\t\t\t\t<div class=\"elementor-element elementor-element-af811b5 text1 elementor-invisible elementor-widget elementor-widget-text-editor\" data-id=\"af811b5\" data-element_type=\"widget\" data-e-type=\"widget\" data-settings=\"{&quot;_animation&quot;:&quot;fadeInUp&quot;}\" data-widget_type=\"text-editor.default\">\n\t\t\t\t<div class=\"elementor-widget-container\">\n\t\t\t\t\t\t\t\t\t<p>Ovaj sveobuhvatni vodi\u010d edukatorima pru\u017ea najbolje prakse, metodologije temeljene na istra\u017eivanju i prakti\u010dne alate za provedbu integriranog u\u010denja sadr\u017eaja i jezika (CLIL). Usredoto\u010duje se na podr\u0161ku usvajanju jezika uz promicanje znanja iz predmeta, nagla\u0161avaju\u0107i uklju\u010divanje i prilagodbu za multikulturalne u\u010dionice.<\/p>\t\t\t\t\t\t\t\t<\/div>\n\t\t\t\t<\/div>\n\t\t\t\t<\/div>\n\t\t\t\t<div class=\"elementor-element elementor-element-d7733ed elementor-align-center elementor-invisible elementor-widget elementor-widget-button\" data-id=\"d7733ed\" data-element_type=\"widget\" data-e-type=\"widget\" data-settings=\"{&quot;_animation&quot;:&quot;fadeInRight&quot;}\" data-widget_type=\"button.default\">\n\t\t\t\t<div class=\"elementor-widget-container\">\n\t\t\t\t\t\t\t\t\t<div class=\"elementor-button-wrapper\">\n\t\t\t\t\t<a class=\"elementor-button elementor-button-link elementor-size-sm elementor-animation-grow\" href=\"#\">\n\t\t\t\t\t\t<span class=\"elementor-button-content-wrapper\">\n\t\t\t\t\t\t\t\t\t<span class=\"elementor-button-text\">Prika\u017ei vi\u0161e<\/span>\n\t\t\t\t\t<\/span>\n\t\t\t\t\t<\/a>\n\t\t\t\t<\/div>\n\t\t\t\t\t\t\t\t<\/div>\n\t\t\t\t<\/div>\n\t\t\t\t\t<\/div>\n\t\t\t\t<\/div>\n\t\t<div data-ep-wrapper-link=\"{&quot;url&quot;:&quot;https:\\\/\\\/careeducation.eu\\\/hr\\\/tecajevi&quot;,&quot;is_external&quot;:&quot;on&quot;,&quot;nofollow&quot;:&quot;&quot;,&quot;custom_attributes&quot;:&quot;&quot;}\" style=\"cursor: pointer\" class=\"bdt-element-link elementor-element elementor-element-52111a4 e-flex e-con-boxed e-con e-parent\" data-id=\"52111a4\" data-element_type=\"container\" data-e-type=\"container\" data-settings=\"{&quot;jet_parallax_layout_list&quot;:[]}\">\n\t\t\t\t\t<div class=\"e-con-inner\">\n\t\t\t\t<div class=\"elementor-element elementor-element-3510eb8 elementor-invisible elementor-widget elementor-widget-image\" data-id=\"3510eb8\" data-element_type=\"widget\" data-e-type=\"widget\" data-settings=\"{&quot;_animation&quot;:&quot;fadeInLeft&quot;}\" data-widget_type=\"image.default\">\n\t\t\t\t<div class=\"elementor-widget-container\">\n\t\t\t\t\t\t\t\t\t\t\t\t\t\t\t<img decoding=\"async\" width=\"225\" height=\"225\" src=\"https:\/\/careeducation.eu\/wp-content\/uploads\/2025\/02\/descarga.png\" class=\"attachment-full size-full wp-image-820\" alt=\"\" srcset=\"https:\/\/careeducation.eu\/wp-content\/uploads\/2025\/02\/descarga.png 225w, https:\/\/careeducation.eu\/wp-content\/uploads\/2025\/02\/descarga-150x150.png 150w\" sizes=\"(max-width: 225px) 100vw, 225px\" \/>\t\t\t\t\t\t\t\t\t\t\t\t\t\t\t<\/div>\n\t\t\t\t<\/div>\n\t\t<div class=\"elementor-element elementor-element-391f9ab e-con-full e-flex e-con e-child\" data-id=\"391f9ab\" data-element_type=\"container\" data-e-type=\"container\" data-settings=\"{&quot;jet_parallax_layout_list&quot;:[]}\">\n\t\t\t\t<div class=\"elementor-element elementor-element-8c725b0 title1 elementor-invisible elementor-widget elementor-widget-text-editor\" data-id=\"8c725b0\" data-element_type=\"widget\" data-e-type=\"widget\" data-settings=\"{&quot;_animation&quot;:&quot;fadeInDown&quot;}\" data-widget_type=\"text-editor.default\">\n\t\t\t\t<div class=\"elementor-widget-container\">\n\t\t\t\t\t\t\t\t\t<p>TE\u010cAJEVI<\/p>\t\t\t\t\t\t\t\t<\/div>\n\t\t\t\t<\/div>\n\t\t\t\t<div class=\"elementor-element elementor-element-d68e6ec text1 elementor-invisible elementor-widget elementor-widget-text-editor\" data-id=\"d68e6ec\" data-element_type=\"widget\" data-e-type=\"widget\" data-settings=\"{&quot;_animation&quot;:&quot;fadeInUp&quot;}\" data-widget_type=\"text-editor.default\">\n\t\t\t\t<div class=\"elementor-widget-container\">\n\t\t\t\t\t\t\t\t\t<p><strong>Jezi\u010dni te\u010daj temeljen<\/strong> na CLIL-u nudi strukturirane module prilago\u0111ene studentima u dobi od 7 do 14 godina, integriraju\u0107i osnovne me\u0111uljudske komunikacijske vje\u0161tine (Basic Interpersonal Communication Skills- BICS) i kognitivno akademsko znanje jezika (Cognitive Academinc Language Proficiency- CALP). Pokrivaju\u0107i razine od A1 do B2, kombinira u\u010denje jezika s akademskim sadr\u017eajem, omogu\u0107uju\u0107i studentima migrantima da napreduju u vi\u0161ejezi\u010dnim okru\u017eenjima, istovremeno olak\u0161avaju\u0107i njihovu integraciju u obrazovni sustav.<\/p>\t\t\t\t\t\t\t\t<\/div>\n\t\t\t\t<\/div>\n\t\t\t\t<\/div>\n\t\t\t\t<div class=\"elementor-element elementor-element-8ad92fa elementor-align-center elementor-invisible elementor-widget elementor-widget-button\" data-id=\"8ad92fa\" data-element_type=\"widget\" data-e-type=\"widget\" data-settings=\"{&quot;_animation&quot;:&quot;fadeInRight&quot;}\" data-widget_type=\"button.default\">\n\t\t\t\t<div class=\"elementor-widget-container\">\n\t\t\t\t\t\t\t\t\t<div class=\"elementor-button-wrapper\">\n\t\t\t\t\t<a class=\"elementor-button elementor-button-link elementor-size-sm elementor-animation-grow\" href=\"#\">\n\t\t\t\t\t\t<span class=\"elementor-button-content-wrapper\">\n\t\t\t\t\t\t\t\t\t<span class=\"elementor-button-text\">Prika\u017ei vi\u0161e<\/span>\n\t\t\t\t\t<\/span>\n\t\t\t\t\t<\/a>\n\t\t\t\t<\/div>\n\t\t\t\t\t\t\t\t<\/div>\n\t\t\t\t<\/div>\n\t\t\t\t\t<\/div>\n\t\t\t\t<\/div>\n\t\t<div data-ep-wrapper-link=\"{&quot;url&quot;:&quot;https:\\\/\\\/careeducation.eu\\\/hr\\\/mentorstvo&quot;,&quot;is_external&quot;:&quot;on&quot;,&quot;nofollow&quot;:&quot;&quot;,&quot;custom_attributes&quot;:&quot;&quot;}\" style=\"cursor: pointer\" class=\"bdt-element-link elementor-element elementor-element-29710c0 e-flex e-con-boxed e-con e-parent\" data-id=\"29710c0\" data-element_type=\"container\" data-e-type=\"container\" data-settings=\"{&quot;jet_parallax_layout_list&quot;:[]}\">\n\t\t\t\t\t<div class=\"e-con-inner\">\n\t\t\t\t<div class=\"elementor-element elementor-element-64e483d elementor-widget__width-initial elementor-invisible elementor-widget elementor-widget-image\" data-id=\"64e483d\" data-element_type=\"widget\" data-e-type=\"widget\" data-settings=\"{&quot;_animation&quot;:&quot;fadeInLeft&quot;}\" data-widget_type=\"image.default\">\n\t\t\t\t<div class=\"elementor-widget-container\">\n\t\t\t\t\t\t\t\t\t\t\t\t\t\t\t<img decoding=\"async\" width=\"269\" height=\"188\" src=\"https:\/\/careeducation.eu\/wp-content\/uploads\/2025\/02\/descarga.jpg\" class=\"attachment-full size-full wp-image-825\" alt=\"\" \/>\t\t\t\t\t\t\t\t\t\t\t\t\t\t\t<\/div>\n\t\t\t\t<\/div>\n\t\t<div class=\"elementor-element elementor-element-c23b071 e-con-full e-flex e-con e-child\" data-id=\"c23b071\" data-element_type=\"container\" data-e-type=\"container\" data-settings=\"{&quot;jet_parallax_layout_list&quot;:[]}\">\n\t\t\t\t<div class=\"elementor-element elementor-element-3ba8273 title1 elementor-invisible elementor-widget elementor-widget-text-editor\" data-id=\"3ba8273\" data-element_type=\"widget\" data-e-type=\"widget\" data-settings=\"{&quot;_animation&quot;:&quot;fadeInDown&quot;}\" data-widget_type=\"text-editor.default\">\n\t\t\t\t<div class=\"elementor-widget-container\">\n\t\t\t\t\t\t\t\t\t<p>Mentorstvo<\/p>\t\t\t\t\t\t\t\t<\/div>\n\t\t\t\t<\/div>\n\t\t\t\t<div class=\"elementor-element elementor-element-fc9b3e0 text1 elementor-invisible elementor-widget elementor-widget-text-editor\" data-id=\"fc9b3e0\" data-element_type=\"widget\" data-e-type=\"widget\" data-settings=\"{&quot;_animation&quot;:&quot;fadeInUp&quot;}\" data-widget_type=\"text-editor.default\">\n\t\t\t\t<div class=\"elementor-widget-container\">\n\t\t\t\t\t\t\t\t\t<p><strong>Digitalni mentorski program temeljen na TELMS-u:<\/strong> Ovaj mentorski program integrira sustave za upravljanje u\u010denjem pobolj\u0161ane tehnologijom (Technology-Enhanced Learning Management Systems &#8211; TELMS) s alatima umjetne inteligencije za podr\u0161ku nastavnicima u rje\u0161avanju specifi\u010dnih potreba studenata migranata. Pru\u017ea strukturirani okvir za digitalno mentorstvo, nagla\u0161avaju\u0107i personalizirano usmjeravanje, razvoj vje\u0161tina i inovativne pristupe obrazovanju jezika u razli\u010ditim u\u010dionicama.<\/p>\t\t\t\t\t\t\t\t<\/div>\n\t\t\t\t<\/div>\n\t\t\t\t<\/div>\n\t\t\t\t<div class=\"elementor-element elementor-element-8527ea8 elementor-align-center elementor-invisible elementor-widget elementor-widget-button\" data-id=\"8527ea8\" data-element_type=\"widget\" data-e-type=\"widget\" data-settings=\"{&quot;_animation&quot;:&quot;fadeInRight&quot;}\" data-widget_type=\"button.default\">\n\t\t\t\t<div class=\"elementor-widget-container\">\n\t\t\t\t\t\t\t\t\t<div class=\"elementor-button-wrapper\">\n\t\t\t\t\t<a class=\"elementor-button elementor-button-link elementor-size-sm elementor-animation-grow\" href=\"#\">\n\t\t\t\t\t\t<span class=\"elementor-button-content-wrapper\">\n\t\t\t\t\t\t\t\t\t<span class=\"elementor-button-text\">Prika\u017ei vi\u0161e<\/span>\n\t\t\t\t\t<\/span>\n\t\t\t\t\t<\/a>\n\t\t\t\t<\/div>\n\t\t\t\t\t\t\t\t<\/div>\n\t\t\t\t<\/div>\n\t\t\t\t\t<\/div>\n\t\t\t\t<\/div>\n\t\t\t\t<\/div>\n\t\t","protected":false},"excerpt":{"rendered":"<p>Rezultati projekta VODI\u010c Ovaj sveobuhvatni vodi\u010d edukatorima pru\u017ea najbolje prakse, metodologije temeljene na istra\u017eivanju i prakti\u010dne alate za provedbu integriranog u\u010denja sadr\u017eaja i jezika (CLIL). Usredoto\u010duje se na podr\u0161ku usvajanju jezika uz promicanje znanja iz predmeta, nagla\u0161avaju\u0107i uklju\u010divanje i prilagodbu za multikulturalne u\u010dionice. Prika\u017ei vi\u0161e TE\u010cAJEVI Jezi\u010dni te\u010daj temeljen na CLIL-u nudi strukturirane module prilago\u0111ene [&hellip;]<\/p>\n","protected":false},"author":1,"featured_media":0,"parent":0,"menu_order":0,"comment_status":"closed","ping_status":"closed","template":"","meta":{"footnotes":""},"class_list":["post-926","page","type-page","status-publish","hentry"],"_links":{"self":[{"href":"https:\/\/careeducation.eu\/hr\/wp-json\/wp\/v2\/pages\/926","targetHints":{"allow":["GET"]}}],"collection":[{"href":"https:\/\/careeducation.eu\/hr\/wp-json\/wp\/v2\/pages"}],"about":[{"href":"https:\/\/careeducation.eu\/hr\/wp-json\/wp\/v2\/types\/page"}],"author":[{"embeddable":true,"href":"https:\/\/careeducation.eu\/hr\/wp-json\/wp\/v2\/users\/1"}],"replies":[{"embeddable":true,"href":"https:\/\/careeducation.eu\/hr\/wp-json\/wp\/v2\/comments?post=926"}],"version-history":[{"count":51,"href":"https:\/\/careeducation.eu\/hr\/wp-json\/wp\/v2\/pages\/926\/revisions"}],"predecessor-version":[{"id":2643,"href":"https:\/\/careeducation.eu\/hr\/wp-json\/wp\/v2\/pages\/926\/revisions\/2643"}],"wp:attachment":[{"href":"https:\/\/careeducation.eu\/hr\/wp-json\/wp\/v2\/media?parent=926"}],"curies":[{"name":"wp","href":"https:\/\/api.w.org\/{rel}","templated":true}]}}