{"id":1009,"date":"2025-02-06T07:35:20","date_gmt":"2025-02-06T07:35:20","guid":{"rendered":"https:\/\/careeducation.eu\/?page_id=1009"},"modified":"2025-04-14T08:03:31","modified_gmt":"2025-04-14T08:03:31","slug":"polityka-prywatnosci","status":"publish","type":"page","link":"https:\/\/careeducation.eu\/pl\/polityka-prywatnosci","title":{"rendered":"Polityka Prywatno\u015bci"},"content":{"rendered":"\t\t<div data-elementor-type=\"wp-page\" data-elementor-id=\"1009\" class=\"elementor elementor-1009 elementor-540\" data-elementor-post-type=\"page\">\n\t\t\t\t<div class=\"elementor-element elementor-element-e6da293 e-flex e-con-boxed e-con e-parent\" data-id=\"e6da293\" data-element_type=\"container\" data-e-type=\"container\" data-settings=\"{&quot;background_background&quot;:&quot;classic&quot;,&quot;jet_parallax_layout_list&quot;:[]}\">\n\t\t\t\t\t<div class=\"e-con-inner\">\n\t\t\t\t<div class=\"elementor-element elementor-element-756f2d7 elementor-headline--style-highlight elementor-widget elementor-widget-animated-headline\" data-id=\"756f2d7\" data-element_type=\"widget\" data-e-type=\"widget\" data-settings=\"{&quot;marker&quot;:&quot;underline&quot;,&quot;highlighted_text&quot;:&quot;Prywatno\\u015bci&quot;,&quot;headline_style&quot;:&quot;highlight&quot;,&quot;loop&quot;:&quot;yes&quot;,&quot;highlight_animation_duration&quot;:1200,&quot;highlight_iteration_delay&quot;:8000}\" data-widget_type=\"animated-headline.default\">\n\t\t\t\t<div class=\"elementor-widget-container\">\n\t\t\t\t\t\t\t<h3 class=\"elementor-headline\">\n\t\t\t\t\t<span class=\"elementor-headline-plain-text elementor-headline-text-wrapper\">Polityka<\/span>\n\t\t\t\t<span class=\"elementor-headline-dynamic-wrapper elementor-headline-text-wrapper\">\n\t\t\t\t\t<span class=\"elementor-headline-dynamic-text elementor-headline-text-active\">Prywatno\u015bci<\/span>\n\t\t\t\t<\/span>\n\t\t\t\t<\/h3>\n\t\t\t\t\t\t<\/div>\n\t\t\t\t<\/div>\n\t\t\t\t\t<\/div>\n\t\t\t\t<\/div>\n\t\t<div class=\"elementor-element elementor-element-f306905 e-flex e-con-boxed e-con e-parent\" data-id=\"f306905\" data-element_type=\"container\" data-e-type=\"container\" data-settings=\"{&quot;background_background&quot;:&quot;classic&quot;,&quot;jet_parallax_layout_list&quot;:[]}\">\n\t\t\t\t\t<div class=\"e-con-inner\">\n\t\t\t\t<div class=\"elementor-element elementor-element-79f00dc elementor-widget elementor-widget-heading\" data-id=\"79f00dc\" data-element_type=\"widget\" data-e-type=\"widget\" data-widget_type=\"heading.default\">\n\t\t\t\t<div class=\"elementor-widget-container\">\n\t\t\t\t\t<h2 class=\"elementor-heading-title elementor-size-default\">1. Wprowadzenie<\/h2>\t\t\t\t<\/div>\n\t\t\t\t<\/div>\n\t\t\t\t<div class=\"elementor-element elementor-element-839f7b3 elementor-widget elementor-widget-text-editor\" data-id=\"839f7b3\" data-element_type=\"widget\" data-e-type=\"widget\" data-widget_type=\"text-editor.default\">\n\t\t\t\t<div class=\"elementor-widget-container\">\n\t\t\t\t\t\t\t\t\t<p>Niniejsza Polityka Prywatno\u015bci okre\u015bla zasady przetwarzania i ochrony danych osobowych przekazywanych przez cz\u0142onk\u00f3w projektu \u201elanguage eduCation for inclusion of immigrAnt minoRity studEnts (CARE)\u201d, realizowanego w ramach Programu Erasmus+, Kluczowa Akcja 220-SCH, koordynowanego przez Fundacj\u0119 Instytut Re-Integracji Spo\u0142ecznej. Poprzez korzystanie ze strony <a href=\"http:\/\/www.careeducation.eu\">www.careeducation.eu<\/a>, wyra\u017casz zgod\u0119 na warunki niniejszej polityki.<\/p>\t\t\t\t\t\t\t\t<\/div>\n\t\t\t\t<\/div>\n\t\t\t\t<div class=\"elementor-element elementor-element-b911d8d elementor-widget elementor-widget-heading\" data-id=\"b911d8d\" data-element_type=\"widget\" data-e-type=\"widget\" data-widget_type=\"heading.default\">\n\t\t\t\t<div class=\"elementor-widget-container\">\n\t\t\t\t\t<h2 class=\"elementor-heading-title elementor-size-default\">2. Administrator danych<\/h2>\t\t\t\t<\/div>\n\t\t\t\t<\/div>\n\t\t\t\t<div class=\"elementor-element elementor-element-fd7f82b elementor-widget elementor-widget-text-editor\" data-id=\"fd7f82b\" data-element_type=\"widget\" data-e-type=\"widget\" data-widget_type=\"text-editor.default\">\n\t\t\t\t<div class=\"elementor-widget-container\">\n\t\t\t\t\t\t\t\t\t<p>Administratorem danych osobowych jest Associaci\u00f3 EDUFEM, adres: C\/Boule 3, 43201, Reus, TARRAGONA; adres e-mail: <a href=\"mailto:info@edufem.es\">info@edufem.es<\/a>.<\/p>\t\t\t\t\t\t\t\t<\/div>\n\t\t\t\t<\/div>\n\t\t\t\t<div class=\"elementor-element elementor-element-6cecdf4 elementor-widget elementor-widget-heading\" data-id=\"6cecdf4\" data-element_type=\"widget\" data-e-type=\"widget\" data-widget_type=\"heading.default\">\n\t\t\t\t<div class=\"elementor-widget-container\">\n\t\t\t\t\t<h2 class=\"elementor-heading-title elementor-size-default\">3. Dane osobowe<\/h2>\t\t\t\t<\/div>\n\t\t\t\t<\/div>\n\t\t\t\t<div class=\"elementor-element elementor-element-1218e9b elementor-widget elementor-widget-text-editor\" data-id=\"1218e9b\" data-element_type=\"widget\" data-e-type=\"widget\" data-widget_type=\"text-editor.default\">\n\t\t\t\t<div class=\"elementor-widget-container\">\n\t\t\t\t\t\t\t\t\t<p>\u00a0Gromadzimy nast\u0119puj\u0105ce rodzaje danych osobowych:<\/p><ul><li>Identyfikacyjne dane osobowe: imi\u0119, nazwisko, adres e-mail (je\u015bli by\u0142y podane za po\u015brednictwem formularzy lub bezpo\u015bredniej komunikacji).<\/li><li>Dane techniczne: adres IP, rodzaj przegl\u0105darki internetowej i informacje zebrane za pomoc\u0105 plik\u00f3w cookie.<\/li><li>Dane dotycz\u0105ce udzia\u0142u w projekcie: rejestry uczestnictwa, ankiety i formularze z informacjami zwrotnymi dotycz\u0105cymi dzia\u0142a\u0144 projektowych.<\/li><\/ul>\t\t\t\t\t\t\t\t<\/div>\n\t\t\t\t<\/div>\n\t\t\t\t<div class=\"elementor-element elementor-element-58fb195 elementor-widget elementor-widget-heading\" data-id=\"58fb195\" data-element_type=\"widget\" data-e-type=\"widget\" data-widget_type=\"heading.default\">\n\t\t\t\t<div class=\"elementor-widget-container\">\n\t\t\t\t\t<h2 class=\"elementor-heading-title elementor-size-default\">4. Cel przechowywania danych<\/h2>\t\t\t\t<\/div>\n\t\t\t\t<\/div>\n\t\t\t\t<div class=\"elementor-element elementor-element-6cffb12 elementor-widget elementor-widget-text-editor\" data-id=\"6cffb12\" data-element_type=\"widget\" data-e-type=\"widget\" data-widget_type=\"text-editor.default\">\n\t\t\t\t<div class=\"elementor-widget-container\">\n\t\t\t\t\t\t\t\t\t<p>Dane osobowe gromadzimy s\u0105 w nast\u0119puj\u0105cych celach:<\/p><ul><li>Zarz\u0105dzanie i koordynacja dzia\u0142a\u0144 projektowych.<\/li><li>Przesy\u0142anie aktualizacji projektu, newsletter\u00f3w i informacji o wydarzeniach.<\/li><li>Spe\u0142nianie obowi\u0105zk\u00f3w wzgl\u0119dem Programu Erasmus+ w zakresie sprawozda\u0144 i upowszechniania.<\/li><li>Analiza udzia\u0142u w projekcie i poprawa rezultat\u00f3w.<\/li><\/ul>\t\t\t\t\t\t\t\t<\/div>\n\t\t\t\t<\/div>\n\t\t\t\t<div class=\"elementor-element elementor-element-7e5f239 elementor-widget elementor-widget-heading\" data-id=\"7e5f239\" data-element_type=\"widget\" data-e-type=\"widget\" data-widget_type=\"heading.default\">\n\t\t\t\t<div class=\"elementor-widget-container\">\n\t\t\t\t\t<h2 class=\"elementor-heading-title elementor-size-default\">5. Podstawa prawna przetwarzania danych\n<\/h2>\t\t\t\t<\/div>\n\t\t\t\t<\/div>\n\t\t\t\t<div class=\"elementor-element elementor-element-3309c93 elementor-widget elementor-widget-text-editor\" data-id=\"3309c93\" data-element_type=\"widget\" data-e-type=\"widget\" data-widget_type=\"text-editor.default\">\n\t\t\t\t<div class=\"elementor-widget-container\">\n\t\t\t\t\t\t\t\t\t<p>Podstawa prawna do przetwarzania danych obejmuje:<\/p><ul><li>Wyra\u017con\u0105 przez u\u017cytkownik\u00f3w zgod\u0119 podczas przesy\u0142ania danych osobowych za po\u015brednictwem formularzy.<\/li><li>Zgodno\u015b\u0107 ze zobowi\u0105zaniami prawnymi wynikaj\u0105cymi z przepis\u00f3w Programu Erasmus+.<\/li><li>Prawnie uzasadnione interesy realizowane w ramach projektu w celu zapewnienia odpowiedniego zarz\u0105dzania projektem i komunikacji.<\/li><\/ul>\t\t\t\t\t\t\t\t<\/div>\n\t\t\t\t<\/div>\n\t\t\t\t<div class=\"elementor-element elementor-element-6b9503c elementor-widget elementor-widget-heading\" data-id=\"6b9503c\" data-element_type=\"widget\" data-e-type=\"widget\" data-widget_type=\"heading.default\">\n\t\t\t\t<div class=\"elementor-widget-container\">\n\t\t\t\t\t<h2 class=\"elementor-heading-title elementor-size-default\">6. Udost\u0119pnianie danych osobowych<\/h2>\t\t\t\t<\/div>\n\t\t\t\t<\/div>\n\t\t\t\t<div class=\"elementor-element elementor-element-ce848af elementor-widget elementor-widget-text-editor\" data-id=\"ce848af\" data-element_type=\"widget\" data-e-type=\"widget\" data-widget_type=\"text-editor.default\">\n\t\t\t\t<div class=\"elementor-widget-container\">\n\t\t\t\t\t\t\t\t\t<p>Dane osobowe mog\u0105 by\u0107 udost\u0119pniane:<\/p><ul><li>Partnerom projektu w ramach konsorcjum.<\/li><li>Organom finansuj\u0105cym, takim jak Komisja Europejska i Narodowe Agencje.<\/li><li>Dostawcom us\u0142ug zakontraktowanych w celu wsparcia dzia\u0142a\u0144 projektowych (np. dostawcy us\u0142ug hostingowych).<\/li><\/ul>\t\t\t\t\t\t\t\t<\/div>\n\t\t\t\t<\/div>\n\t\t\t\t<div class=\"elementor-element elementor-element-76f27ff elementor-widget elementor-widget-heading\" data-id=\"76f27ff\" data-element_type=\"widget\" data-e-type=\"widget\" data-widget_type=\"heading.default\">\n\t\t\t\t<div class=\"elementor-widget-container\">\n\t\t\t\t\t<h2 class=\"elementor-heading-title elementor-size-default\">7. Przechowywanie danych<\/h2>\t\t\t\t<\/div>\n\t\t\t\t<\/div>\n\t\t\t\t<div class=\"elementor-element elementor-element-e52aeb0 elementor-widget elementor-widget-text-editor\" data-id=\"e52aeb0\" data-element_type=\"widget\" data-e-type=\"widget\" data-widget_type=\"text-editor.default\">\n\t\t\t\t<div class=\"elementor-widget-container\">\n\t\t\t\t\t\t\t\t\t<p>Dane osobowe b\u0119d\u0105 przechowywane przez okres trwania projektu oraz do 5 lat po zako\u0144czeniu projektu w celu spe\u0142nienia obowi\u0105zk\u00f3w zwi\u0105zanych z prowadzeniem dokumentacji projektowej w ramach Programu Erasmus+.<\/p>\t\t\t\t\t\t\t\t<\/div>\n\t\t\t\t<\/div>\n\t\t\t\t<div class=\"elementor-element elementor-element-11a848d elementor-widget elementor-widget-heading\" data-id=\"11a848d\" data-element_type=\"widget\" data-e-type=\"widget\" data-widget_type=\"heading.default\">\n\t\t\t\t<div class=\"elementor-widget-container\">\n\t\t\t\t\t<h2 class=\"elementor-heading-title elementor-size-default\">8. Prawa u\u017cytkownika<\/h2>\t\t\t\t<\/div>\n\t\t\t\t<\/div>\n\t\t\t\t<div class=\"elementor-element elementor-element-f142840 elementor-widget elementor-widget-text-editor\" data-id=\"f142840\" data-element_type=\"widget\" data-e-type=\"widget\" data-widget_type=\"text-editor.default\">\n\t\t\t\t<div class=\"elementor-widget-container\">\n\t\t\t\t\t\t\t\t\t<p>U\u017cytkownicy maj\u0105 prawo do:<\/p><ul><li>Dost\u0119pu do swoich danych, ich korekty lub usuni\u0119cia.<\/li><li>Cofni\u0119cia zgody w dowolnym momencie.<\/li><\/ul><p>\u00a0<\/p><p>W celu skorzystania z powy\u017cszych praw, prosimy o kontakt mailowy na adres: <a href=\"mailto:info@edufem.es\">info@edufem.es<\/a>.<\/p>\t\t\t\t\t\t\t\t<\/div>\n\t\t\t\t<\/div>\n\t\t\t\t<div class=\"elementor-element elementor-element-90d0c48 elementor-widget elementor-widget-heading\" data-id=\"90d0c48\" data-element_type=\"widget\" data-e-type=\"widget\" data-widget_type=\"heading.default\">\n\t\t\t\t<div class=\"elementor-widget-container\">\n\t\t\t\t\t<h2 class=\"elementor-heading-title elementor-size-default\">9. Bezpiecze\u0144stwo<\/h2>\t\t\t\t<\/div>\n\t\t\t\t<\/div>\n\t\t\t\t<div class=\"elementor-element elementor-element-5f00a52 elementor-widget elementor-widget-text-editor\" data-id=\"5f00a52\" data-element_type=\"widget\" data-e-type=\"widget\" data-widget_type=\"text-editor.default\">\n\t\t\t\t<div class=\"elementor-widget-container\">\n\t\t\t\t\t\t\t\t\t<p>Stosujemy odpowiednie \u015brodki techniczne i organizacyjne, aby chroni\u0107 dane osobowe przed nieautoryzowanym dost\u0119pem, zmian\u0105, ujawnieniem lub zniszczeniem.<\/p>\t\t\t\t\t\t\t\t<\/div>\n\t\t\t\t<\/div>\n\t\t\t\t<div class=\"elementor-element elementor-element-cd0af84 elementor-widget elementor-widget-heading\" data-id=\"cd0af84\" data-element_type=\"widget\" data-e-type=\"widget\" data-widget_type=\"heading.default\">\n\t\t\t\t<div class=\"elementor-widget-container\">\n\t\t\t\t\t<h2 class=\"elementor-heading-title elementor-size-default\">10. Zmiany w Polityce Prywatno\u015bci<\/h2>\t\t\t\t<\/div>\n\t\t\t\t<\/div>\n\t\t\t\t<div class=\"elementor-element elementor-element-ead40f8 elementor-widget elementor-widget-text-editor\" data-id=\"ead40f8\" data-element_type=\"widget\" data-e-type=\"widget\" data-widget_type=\"text-editor.default\">\n\t\t\t\t<div class=\"elementor-widget-container\">\n\t\t\t\t\t\t\t\t\t<p>Zastrzegamy sobie prawo do wprowadzania zmian w niniejszej Polityce Prywatno\u015bci w dowolnym momencie. U\u017cytkownicy zostan\u0105 poinformowani o wszelkich zmianach za po\u015brednictwem strony internetowej lub bezpo\u015bredniej komunikacji.<\/p>\t\t\t\t\t\t\t\t<\/div>\n\t\t\t\t<\/div>\n\t\t\t\t<div class=\"elementor-element elementor-element-3dc0b97 elementor-widget elementor-widget-heading\" data-id=\"3dc0b97\" data-element_type=\"widget\" data-e-type=\"widget\" data-widget_type=\"heading.default\">\n\t\t\t\t<div class=\"elementor-widget-container\">\n\t\t\t\t\t<h2 class=\"elementor-heading-title elementor-size-default\">11. Kontakt<\/h2>\t\t\t\t<\/div>\n\t\t\t\t<\/div>\n\t\t\t\t<div class=\"elementor-element elementor-element-8465180 elementor-widget elementor-widget-text-editor\" data-id=\"8465180\" data-element_type=\"widget\" data-e-type=\"widget\" data-widget_type=\"text-editor.default\">\n\t\t\t\t<div class=\"elementor-widget-container\">\n\t\t\t\t\t\t\t\t\t<p>W razie pyta\u0144 dotycz\u0105cych niniejszej Polityki Prywatno\u015bci, prosimy o kontakt mailowy na adres: <a href=\"mailto:info@edufem.es\">info@edufem.es<\/a>.<\/p>\t\t\t\t\t\t\t\t<\/div>\n\t\t\t\t<\/div>\n\t\t\t\t\t<\/div>\n\t\t\t\t<\/div>\n\t\t\t\t<\/div>\n\t\t","protected":false},"excerpt":{"rendered":"<p>Polityka Prywatno\u015bci 1. Wprowadzenie Niniejsza Polityka Prywatno\u015bci okre\u015bla zasady przetwarzania i ochrony danych osobowych przekazywanych przez cz\u0142onk\u00f3w projektu \u201elanguage eduCation for inclusion of immigrAnt minoRity studEnts (CARE)\u201d, realizowanego w ramach Programu Erasmus+, Kluczowa Akcja 220-SCH, koordynowanego przez Fundacj\u0119 Instytut Re-Integracji Spo\u0142ecznej. Poprzez korzystanie ze strony www.careeducation.eu, wyra\u017casz zgod\u0119 na warunki niniejszej polityki. 2. Administrator danych [&hellip;]<\/p>\n","protected":false},"author":1,"featured_media":0,"parent":0,"menu_order":0,"comment_status":"closed","ping_status":"closed","template":"","meta":{"footnotes":""},"class_list":["post-1009","page","type-page","status-publish","hentry"],"_links":{"self":[{"href":"https:\/\/careeducation.eu\/pl\/wp-json\/wp\/v2\/pages\/1009","targetHints":{"allow":["GET"]}}],"collection":[{"href":"https:\/\/careeducation.eu\/pl\/wp-json\/wp\/v2\/pages"}],"about":[{"href":"https:\/\/careeducation.eu\/pl\/wp-json\/wp\/v2\/types\/page"}],"author":[{"embeddable":true,"href":"https:\/\/careeducation.eu\/pl\/wp-json\/wp\/v2\/users\/1"}],"replies":[{"embeddable":true,"href":"https:\/\/careeducation.eu\/pl\/wp-json\/wp\/v2\/comments?post=1009"}],"version-history":[{"count":6,"href":"https:\/\/careeducation.eu\/pl\/wp-json\/wp\/v2\/pages\/1009\/revisions"}],"predecessor-version":[{"id":1611,"href":"https:\/\/careeducation.eu\/pl\/wp-json\/wp\/v2\/pages\/1009\/revisions\/1611"}],"wp:attachment":[{"href":"https:\/\/careeducation.eu\/pl\/wp-json\/wp\/v2\/media?parent=1009"}],"curies":[{"name":"wp","href":"https:\/\/api.w.org\/{rel}","templated":true}]}}