{"id":1013,"date":"2025-02-06T08:25:02","date_gmt":"2025-02-06T08:25:02","guid":{"rendered":"https:\/\/careeducation.eu\/?page_id=1013"},"modified":"2025-09-29T08:11:55","modified_gmt":"2025-09-29T08:11:55","slug":"rezultaty-projektu","status":"publish","type":"page","link":"https:\/\/careeducation.eu\/pl\/rezultaty-projektu","title":{"rendered":"Rezultaty"},"content":{"rendered":"\t\t<div data-elementor-type=\"wp-page\" data-elementor-id=\"1013\" class=\"elementor elementor-1013 elementor-543\" data-elementor-post-type=\"page\">\n\t\t\t\t<div class=\"elementor-element elementor-element-02e6ac9 e-flex e-con-boxed e-con e-parent\" data-id=\"02e6ac9\" data-element_type=\"container\" data-e-type=\"container\" data-settings=\"{&quot;background_background&quot;:&quot;classic&quot;,&quot;jet_parallax_layout_list&quot;:[]}\">\n\t\t\t\t\t<div class=\"e-con-inner\">\n\t\t\t\t<div class=\"elementor-element elementor-element-3a26e63 elementor-headline--style-highlight elementor-widget elementor-widget-animated-headline\" data-id=\"3a26e63\" data-element_type=\"widget\" data-e-type=\"widget\" data-settings=\"{&quot;marker&quot;:&quot;underline&quot;,&quot;highlighted_text&quot;:&quot;projektu&quot;,&quot;headline_style&quot;:&quot;highlight&quot;,&quot;loop&quot;:&quot;yes&quot;,&quot;highlight_animation_duration&quot;:1200,&quot;highlight_iteration_delay&quot;:8000}\" data-widget_type=\"animated-headline.default\">\n\t\t\t\t<div class=\"elementor-widget-container\">\n\t\t\t\t\t\t\t<h3 class=\"elementor-headline\">\n\t\t\t\t\t<span class=\"elementor-headline-plain-text elementor-headline-text-wrapper\">Rezultaty<\/span>\n\t\t\t\t<span class=\"elementor-headline-dynamic-wrapper elementor-headline-text-wrapper\">\n\t\t\t\t\t<span class=\"elementor-headline-dynamic-text elementor-headline-text-active\">projektu<\/span>\n\t\t\t\t<\/span>\n\t\t\t\t<\/h3>\n\t\t\t\t\t\t<\/div>\n\t\t\t\t<\/div>\n\t\t\t\t\t<\/div>\n\t\t\t\t<\/div>\n\t\t<div data-ep-wrapper-link=\"{&quot;url&quot;:&quot;https:\\\/\\\/careeducation.eu\\\/wp-content\\\/uploads\\\/2025\\\/09\\\/PL_GUIDE_CANVA_CARE.pdf&quot;,&quot;is_external&quot;:&quot;on&quot;,&quot;nofollow&quot;:&quot;&quot;,&quot;custom_attributes&quot;:&quot;&quot;}\" style=\"cursor: pointer\" class=\"bdt-element-link elementor-element elementor-element-a5ad350 e-flex e-con-boxed e-con e-parent\" data-id=\"a5ad350\" data-element_type=\"container\" data-e-type=\"container\" data-settings=\"{&quot;jet_parallax_layout_list&quot;:[]}\">\n\t\t\t\t\t<div class=\"e-con-inner\">\n\t\t\t\t<div class=\"elementor-element elementor-element-f5a9eb4 elementor-invisible elementor-widget elementor-widget-image\" data-id=\"f5a9eb4\" data-element_type=\"widget\" data-e-type=\"widget\" data-settings=\"{&quot;_animation&quot;:&quot;fadeInLeft&quot;}\" data-widget_type=\"image.default\">\n\t\t\t\t<div class=\"elementor-widget-container\">\n\t\t\t\t\t\t\t\t\t\t\t\t\t\t\t<img fetchpriority=\"high\" decoding=\"async\" width=\"225\" height=\"225\" src=\"https:\/\/careeducation.eu\/wp-content\/uploads\/2025\/02\/images.jpg\" class=\"attachment-full size-full wp-image-817\" alt=\"\" srcset=\"https:\/\/careeducation.eu\/wp-content\/uploads\/2025\/02\/images.jpg 225w, https:\/\/careeducation.eu\/wp-content\/uploads\/2025\/02\/images-150x150.jpg 150w\" sizes=\"(max-width: 225px) 100vw, 225px\" \/>\t\t\t\t\t\t\t\t\t\t\t\t\t\t\t<\/div>\n\t\t\t\t<\/div>\n\t\t<div class=\"elementor-element elementor-element-ff61ef5 e-con-full e-flex e-con e-child\" data-id=\"ff61ef5\" data-element_type=\"container\" data-e-type=\"container\" data-settings=\"{&quot;jet_parallax_layout_list&quot;:[]}\">\n\t\t\t\t<div class=\"elementor-element elementor-element-4f15908 title1 elementor-invisible elementor-widget elementor-widget-text-editor\" data-id=\"4f15908\" data-element_type=\"widget\" data-e-type=\"widget\" data-settings=\"{&quot;_animation&quot;:&quot;fadeInDown&quot;}\" data-widget_type=\"text-editor.default\">\n\t\t\t\t<div class=\"elementor-widget-container\">\n\t\t\t\t\t\t\t\t\t<p>Poradnik<\/p>\t\t\t\t\t\t\t\t<\/div>\n\t\t\t\t<\/div>\n\t\t\t\t<div class=\"elementor-element elementor-element-a03f222 text1 elementor-invisible elementor-widget elementor-widget-text-editor\" data-id=\"a03f222\" data-element_type=\"widget\" data-e-type=\"widget\" data-settings=\"{&quot;_animation&quot;:&quot;fadeInUp&quot;}\" data-widget_type=\"text-editor.default\">\n\t\t\t\t<div class=\"elementor-widget-container\">\n\t\t\t\t\t\t\t\t\t<p>Ten kompleksowy poradnik dostarcza edukatorom wiedz\u0119 na temat najlepszych praktyk, metodologii opartych na badaniach, i praktycznych narz\u0119dzi do wdra\u017cania zintegrowanego kszta\u0142cenia przedmiotowo-j\u0119zykowego (Content and Language Integrated Learning). K\u0142adzie ono nacisk na rozw\u00f3j j\u0119zykowy i jednoczesne zdobywanie wiedzy przedmiotowej, promuj\u0105c przy tym integracj\u0119 i dostosowanie do wielokulturowego \u015brodowiska szkolnego.<\/p>\t\t\t\t\t\t\t\t<\/div>\n\t\t\t\t<\/div>\n\t\t\t\t<\/div>\n\t\t\t\t<div class=\"elementor-element elementor-element-805230d elementor-align-center elementor-invisible elementor-widget elementor-widget-button\" data-id=\"805230d\" data-element_type=\"widget\" data-e-type=\"widget\" data-settings=\"{&quot;_animation&quot;:&quot;fadeInRight&quot;}\" data-widget_type=\"button.default\">\n\t\t\t\t<div class=\"elementor-widget-container\">\n\t\t\t\t\t\t\t\t\t<div class=\"elementor-button-wrapper\">\n\t\t\t\t\t<a class=\"elementor-button elementor-button-link elementor-size-sm elementor-animation-grow\" href=\"#\">\n\t\t\t\t\t\t<span class=\"elementor-button-content-wrapper\">\n\t\t\t\t\t\t\t\t\t<span class=\"elementor-button-text\">Zobacz wi\u0119cej<\/span>\n\t\t\t\t\t<\/span>\n\t\t\t\t\t<\/a>\n\t\t\t\t<\/div>\n\t\t\t\t\t\t\t\t<\/div>\n\t\t\t\t<\/div>\n\t\t\t\t\t<\/div>\n\t\t\t\t<\/div>\n\t\t<div data-ep-wrapper-link=\"{&quot;url&quot;:&quot;https:\\\/\\\/careeducation.eu\\\/pl\\\/kursy&quot;,&quot;is_external&quot;:&quot;on&quot;,&quot;nofollow&quot;:&quot;&quot;,&quot;custom_attributes&quot;:&quot;&quot;}\" style=\"cursor: pointer\" class=\"bdt-element-link elementor-element elementor-element-cd5ad00 e-flex e-con-boxed e-con e-parent\" data-id=\"cd5ad00\" data-element_type=\"container\" data-e-type=\"container\" data-settings=\"{&quot;jet_parallax_layout_list&quot;:[]}\">\n\t\t\t\t\t<div class=\"e-con-inner\">\n\t\t\t\t<div class=\"elementor-element elementor-element-be51ae7 elementor-invisible elementor-widget elementor-widget-image\" data-id=\"be51ae7\" data-element_type=\"widget\" data-e-type=\"widget\" data-settings=\"{&quot;_animation&quot;:&quot;fadeInLeft&quot;}\" data-widget_type=\"image.default\">\n\t\t\t\t<div class=\"elementor-widget-container\">\n\t\t\t\t\t\t\t\t\t\t\t\t\t\t\t<img decoding=\"async\" width=\"225\" height=\"225\" src=\"https:\/\/careeducation.eu\/wp-content\/uploads\/2025\/02\/descarga.png\" class=\"attachment-full size-full wp-image-822\" alt=\"\" srcset=\"https:\/\/careeducation.eu\/wp-content\/uploads\/2025\/02\/descarga.png 225w, https:\/\/careeducation.eu\/wp-content\/uploads\/2025\/02\/descarga-150x150.png 150w\" sizes=\"(max-width: 225px) 100vw, 225px\" \/>\t\t\t\t\t\t\t\t\t\t\t\t\t\t\t<\/div>\n\t\t\t\t<\/div>\n\t\t<div class=\"elementor-element elementor-element-ba7d7f9 e-con-full e-flex e-con e-child\" data-id=\"ba7d7f9\" data-element_type=\"container\" data-e-type=\"container\" data-settings=\"{&quot;jet_parallax_layout_list&quot;:[]}\">\n\t\t\t\t<div class=\"elementor-element elementor-element-a99cc15 title1 elementor-invisible elementor-widget elementor-widget-text-editor\" data-id=\"a99cc15\" data-element_type=\"widget\" data-e-type=\"widget\" data-settings=\"{&quot;_animation&quot;:&quot;fadeInDown&quot;}\" data-widget_type=\"text-editor.default\">\n\t\t\t\t<div class=\"elementor-widget-container\">\n\t\t\t\t\t\t\t\t\t<p>Kursy<\/p>\t\t\t\t\t\t\t\t<\/div>\n\t\t\t\t<\/div>\n\t\t\t\t<div class=\"elementor-element elementor-element-8df2413 text1 elementor-invisible elementor-widget elementor-widget-text-editor\" data-id=\"8df2413\" data-element_type=\"widget\" data-e-type=\"widget\" data-settings=\"{&quot;_animation&quot;:&quot;fadeInUp&quot;}\" data-widget_type=\"text-editor.default\">\n\t\t\t\t<div class=\"elementor-widget-container\">\n\t\t\t\t\t\t\t\t\t<p><strong>Kurs j\u0119zykowy oparty na metodzie<\/strong> CLIL zawiera odpowiednio dobrane modu\u0142y przeznaczone dla uczni\u00f3w w wieku 7-14 lat, \u0142\u0105cz\u0105ce podstawowe umiej\u0119tno\u015bci komunikacyjne (Basic Interpersonal Communication Skills) i edukacyjn\u0105 bieg\u0142o\u015b\u0107 j\u0119zykow\u0105 (Cognitive Academic Language Proficiency). Kurs ten, obejmuj\u0105c poziomy od A1 do B2, \u0142\u0105czy nauk\u0119 j\u0119zyka z tre\u015bciami akademickimi, co pozwala uczniom-migrantom odnale\u017a\u0107 si\u0119 w wieloj\u0119zycznym \u015brodowisku i p\u0142ynnie w\u0142\u0105czy\u0107 si\u0119 do systemu edukacji.<\/p>\t\t\t\t\t\t\t\t<\/div>\n\t\t\t\t<\/div>\n\t\t\t\t<\/div>\n\t\t\t\t<div class=\"elementor-element elementor-element-319c222 elementor-align-center elementor-invisible elementor-widget elementor-widget-button\" data-id=\"319c222\" data-element_type=\"widget\" data-e-type=\"widget\" data-settings=\"{&quot;_animation&quot;:&quot;fadeInRight&quot;}\" data-widget_type=\"button.default\">\n\t\t\t\t<div class=\"elementor-widget-container\">\n\t\t\t\t\t\t\t\t\t<div class=\"elementor-button-wrapper\">\n\t\t\t\t\t<a class=\"elementor-button elementor-button-link elementor-size-sm elementor-animation-grow\" href=\"#\">\n\t\t\t\t\t\t<span class=\"elementor-button-content-wrapper\">\n\t\t\t\t\t\t\t\t\t<span class=\"elementor-button-text\">Zobacz wi\u0119cej<\/span>\n\t\t\t\t\t<\/span>\n\t\t\t\t\t<\/a>\n\t\t\t\t<\/div>\n\t\t\t\t\t\t\t\t<\/div>\n\t\t\t\t<\/div>\n\t\t\t\t\t<\/div>\n\t\t\t\t<\/div>\n\t\t<div data-ep-wrapper-link=\"{&quot;url&quot;:&quot;https:\\\/\\\/careeducation.eu\\\/pl\\\/mentoring-lub&quot;,&quot;is_external&quot;:&quot;on&quot;,&quot;nofollow&quot;:&quot;&quot;,&quot;custom_attributes&quot;:&quot;&quot;}\" style=\"cursor: pointer\" class=\"bdt-element-link elementor-element elementor-element-7150e9c e-flex e-con-boxed e-con e-parent\" data-id=\"7150e9c\" data-element_type=\"container\" data-e-type=\"container\" data-settings=\"{&quot;jet_parallax_layout_list&quot;:[]}\">\n\t\t\t\t\t<div class=\"e-con-inner\">\n\t\t\t\t<div class=\"elementor-element elementor-element-aac500f elementor-widget__width-initial elementor-invisible elementor-widget elementor-widget-image\" data-id=\"aac500f\" data-element_type=\"widget\" data-e-type=\"widget\" data-settings=\"{&quot;_animation&quot;:&quot;fadeInLeft&quot;}\" data-widget_type=\"image.default\">\n\t\t\t\t<div class=\"elementor-widget-container\">\n\t\t\t\t\t\t\t\t\t\t\t\t\t\t\t<img decoding=\"async\" width=\"269\" height=\"188\" src=\"https:\/\/careeducation.eu\/wp-content\/uploads\/2025\/02\/descarga.jpg\" class=\"attachment-full size-full wp-image-827\" alt=\"\" \/>\t\t\t\t\t\t\t\t\t\t\t\t\t\t\t<\/div>\n\t\t\t\t<\/div>\n\t\t<div class=\"elementor-element elementor-element-24fa13f e-con-full e-flex e-con e-child\" data-id=\"24fa13f\" data-element_type=\"container\" data-e-type=\"container\" data-settings=\"{&quot;jet_parallax_layout_list&quot;:[]}\">\n\t\t\t\t<div class=\"elementor-element elementor-element-1b44f32 title1 elementor-invisible elementor-widget elementor-widget-text-editor\" data-id=\"1b44f32\" data-element_type=\"widget\" data-e-type=\"widget\" data-settings=\"{&quot;_animation&quot;:&quot;fadeInDown&quot;}\" data-widget_type=\"text-editor.default\">\n\t\t\t\t<div class=\"elementor-widget-container\">\n\t\t\t\t\t\t\t\t\t<p>Mentoring lub<\/p>\t\t\t\t\t\t\t\t<\/div>\n\t\t\t\t<\/div>\n\t\t\t\t<div class=\"elementor-element elementor-element-31e2d21 text1 elementor-invisible elementor-widget elementor-widget-text-editor\" data-id=\"31e2d21\" data-element_type=\"widget\" data-e-type=\"widget\" data-settings=\"{&quot;_animation&quot;:&quot;fadeInUp&quot;}\" data-widget_type=\"text-editor.default\">\n\t\t\t\t<div class=\"elementor-widget-container\">\n\t\t\t\t\t\t\t\t\t<p><strong>Program mentoringu cyfrowego TELMS<\/strong>: Program mentorski wykorzystuj\u0105cy technologie wspomagaj\u0105ce zarz\u0105dzanie nauczaniem (Technology-Enhanced Learning Management Systems) oraz sztuczn\u0105 inteligencj\u0119, aby wspiera\u0107 nauczycieli j\u0119zyka w dostosowaniu metod edukacyjnych do potrzeb uczni\u00f3w ze \u015brodowisk migracyjnych. Oferuje on ustrukturyzowane podej\u015bcie do mentoringu cyfrowego, koncentruj\u0105c si\u0119 na indywidualnym wsparciu, rozwijaniu umiej\u0119tno\u015bci oraz nowoczesnych metodach nauczania w zr\u00f3\u017cnicowanym \u015brodowisku edukacyjnym.<\/p>\t\t\t\t\t\t\t\t<\/div>\n\t\t\t\t<\/div>\n\t\t\t\t<\/div>\n\t\t\t\t<div class=\"elementor-element elementor-element-0c32fe4 elementor-align-center elementor-invisible elementor-widget elementor-widget-button\" data-id=\"0c32fe4\" data-element_type=\"widget\" data-e-type=\"widget\" data-settings=\"{&quot;_animation&quot;:&quot;fadeInRight&quot;}\" data-widget_type=\"button.default\">\n\t\t\t\t<div class=\"elementor-widget-container\">\n\t\t\t\t\t\t\t\t\t<div class=\"elementor-button-wrapper\">\n\t\t\t\t\t<a class=\"elementor-button elementor-button-link elementor-size-sm elementor-animation-grow\" href=\"#\">\n\t\t\t\t\t\t<span class=\"elementor-button-content-wrapper\">\n\t\t\t\t\t\t\t\t\t<span class=\"elementor-button-text\">Zobacz wi\u0119cej<\/span>\n\t\t\t\t\t<\/span>\n\t\t\t\t\t<\/a>\n\t\t\t\t<\/div>\n\t\t\t\t\t\t\t\t<\/div>\n\t\t\t\t<\/div>\n\t\t\t\t\t<\/div>\n\t\t\t\t<\/div>\n\t\t\t\t<\/div>\n\t\t","protected":false},"excerpt":{"rendered":"<p>Rezultaty projektu Poradnik Ten kompleksowy poradnik dostarcza edukatorom wiedz\u0119 na temat najlepszych praktyk, metodologii opartych na badaniach, i praktycznych narz\u0119dzi do wdra\u017cania zintegrowanego kszta\u0142cenia przedmiotowo-j\u0119zykowego (Content and Language Integrated Learning). K\u0142adzie ono nacisk na rozw\u00f3j j\u0119zykowy i jednoczesne zdobywanie wiedzy przedmiotowej, promuj\u0105c przy tym integracj\u0119 i dostosowanie do wielokulturowego \u015brodowiska szkolnego. Zobacz wi\u0119cej Kursy Kurs [&hellip;]<\/p>\n","protected":false},"author":1,"featured_media":0,"parent":0,"menu_order":0,"comment_status":"closed","ping_status":"closed","template":"","meta":{"footnotes":""},"class_list":["post-1013","page","type-page","status-publish","hentry"],"_links":{"self":[{"href":"https:\/\/careeducation.eu\/pl\/wp-json\/wp\/v2\/pages\/1013","targetHints":{"allow":["GET"]}}],"collection":[{"href":"https:\/\/careeducation.eu\/pl\/wp-json\/wp\/v2\/pages"}],"about":[{"href":"https:\/\/careeducation.eu\/pl\/wp-json\/wp\/v2\/types\/page"}],"author":[{"embeddable":true,"href":"https:\/\/careeducation.eu\/pl\/wp-json\/wp\/v2\/users\/1"}],"replies":[{"embeddable":true,"href":"https:\/\/careeducation.eu\/pl\/wp-json\/wp\/v2\/comments?post=1013"}],"version-history":[{"count":40,"href":"https:\/\/careeducation.eu\/pl\/wp-json\/wp\/v2\/pages\/1013\/revisions"}],"predecessor-version":[{"id":2710,"href":"https:\/\/careeducation.eu\/pl\/wp-json\/wp\/v2\/pages\/1013\/revisions\/2710"}],"wp:attachment":[{"href":"https:\/\/careeducation.eu\/pl\/wp-json\/wp\/v2\/media?parent=1013"}],"curies":[{"name":"wp","href":"https:\/\/api.w.org\/{rel}","templated":true}]}}