{"id":988,"date":"2025-02-05T16:01:20","date_gmt":"2025-02-05T16:01:20","guid":{"rendered":"https:\/\/careeducation.eu\/?page_id=988"},"modified":"2026-01-12T12:10:33","modified_gmt":"2026-01-12T12:10:33","slug":"aktualnosci","status":"publish","type":"page","link":"https:\/\/careeducation.eu\/pl\/aktualnosci","title":{"rendered":"Aktualno\u015bci"},"content":{"rendered":"\t\t<div data-elementor-type=\"wp-page\" data-elementor-id=\"988\" class=\"elementor elementor-988 elementor-534\" data-elementor-post-type=\"page\">\n\t\t\t\t<div class=\"elementor-element elementor-element-f44d46d e-flex e-con-boxed e-con e-parent\" data-id=\"f44d46d\" data-element_type=\"container\" data-e-type=\"container\" data-settings=\"{&quot;background_background&quot;:&quot;classic&quot;,&quot;jet_parallax_layout_list&quot;:[]}\">\n\t\t\t\t\t<div class=\"e-con-inner\">\n\t\t\t\t<div class=\"elementor-element elementor-element-18d3bf4 elementor-headline--style-highlight elementor-widget elementor-widget-animated-headline\" data-id=\"18d3bf4\" data-element_type=\"widget\" data-e-type=\"widget\" data-settings=\"{&quot;marker&quot;:&quot;underline&quot;,&quot;highlighted_text&quot;:&quot;Newslettery&quot;,&quot;headline_style&quot;:&quot;highlight&quot;,&quot;loop&quot;:&quot;yes&quot;,&quot;highlight_animation_duration&quot;:1200,&quot;highlight_iteration_delay&quot;:8000}\" data-widget_type=\"animated-headline.default\">\n\t\t\t\t<div class=\"elementor-widget-container\">\n\t\t\t\t\t\t\t<h3 class=\"elementor-headline\">\n\t\t\t\t<span class=\"elementor-headline-dynamic-wrapper elementor-headline-text-wrapper\">\n\t\t\t\t\t<span class=\"elementor-headline-dynamic-text elementor-headline-text-active\">Newslettery<\/span>\n\t\t\t\t<\/span>\n\t\t\t\t<\/h3>\n\t\t\t\t\t\t<\/div>\n\t\t\t\t<\/div>\n\t\t\t\t<div class=\"elementor-element elementor-element-cc8df6b elementor-align-center elementor-widget elementor-widget-button\" data-id=\"cc8df6b\" data-element_type=\"widget\" data-e-type=\"widget\" data-settings=\"{&quot;ep_floating_effects_show&quot;:&quot;yes&quot;,&quot;ep_floating_effects_translate_toggle&quot;:&quot;yes&quot;,&quot;ep_floating_effects_translate_y&quot;:{&quot;unit&quot;:&quot;px&quot;,&quot;size&quot;:&quot;&quot;,&quot;sizes&quot;:{&quot;from&quot;:0,&quot;to&quot;:5}},&quot;ep_floating_effects_translate_x&quot;:{&quot;unit&quot;:&quot;px&quot;,&quot;size&quot;:&quot;&quot;,&quot;sizes&quot;:{&quot;from&quot;:0,&quot;to&quot;:0}},&quot;ep_floating_effects_translate_duration&quot;:{&quot;unit&quot;:&quot;px&quot;,&quot;size&quot;:1000,&quot;sizes&quot;:[]},&quot;ep_floating_effects_translate_delay&quot;:{&quot;unit&quot;:&quot;px&quot;,&quot;size&quot;:&quot;&quot;,&quot;sizes&quot;:[]},&quot;ep_floating_effects_easing&quot;:&quot;easeInOutQuad&quot;}\" data-widget_type=\"button.default\">\n\t\t\t\t<div class=\"elementor-widget-container\">\n\t\t\t\t\t\t\t\t\t<div class=\"elementor-button-wrapper\">\n\t\t\t\t\t<a class=\"elementor-button elementor-button-link elementor-size-sm\" href=\"https:\/\/careeducation.eu\/docs\/brochure\/pl\/Brochure.pdf\" target=\"_blank\">\n\t\t\t\t\t\t<span class=\"elementor-button-content-wrapper\">\n\t\t\t\t\t\t\t\t\t<span class=\"elementor-button-text\">Brochure<\/span>\n\t\t\t\t\t<\/span>\n\t\t\t\t\t<\/a>\n\t\t\t\t<\/div>\n\t\t\t\t\t\t\t\t<\/div>\n\t\t\t\t<\/div>\n\t\t\t\t\t<\/div>\n\t\t\t\t<\/div>\n\t\t<div class=\"elementor-element elementor-element-c3175e5 e-flex e-con-boxed e-con e-parent\" data-id=\"c3175e5\" data-element_type=\"container\" data-e-type=\"container\" data-settings=\"{&quot;jet_parallax_layout_list&quot;:[]}\">\n\t\t\t\t\t<div class=\"e-con-inner\">\n\t\t<div class=\"elementor-element elementor-element-8a7e8e6 e-con-full e-flex e-con e-child\" data-id=\"8a7e8e6\" data-element_type=\"container\" data-e-type=\"container\" data-settings=\"{&quot;jet_parallax_layout_list&quot;:[]}\">\n\t\t\t\t<div class=\"elementor-element elementor-element-a03c792 ekit-equal-height-disable elementor-widget elementor-widget-elementskit-image-box\" data-id=\"a03c792\" data-element_type=\"widget\" data-e-type=\"widget\" data-widget_type=\"elementskit-image-box.default\">\n\t\t\t\t<div class=\"elementor-widget-container\">\n\t\t\t\t\t<div class=\"ekit-wid-con\" >\n            <div class=\"elementskit-info-image-box ekit-image-box text-center simple-card\" >\n\n                \n                <div class=\"elementskit-box-header image-box-img-center\">\n\n                    <img fetchpriority=\"high\" decoding=\"async\" width=\"2560\" height=\"1317\" src=\"https:\/\/careeducation.eu\/wp-content\/uploads\/2025\/03\/DSC_0017-scaled-1-1.jpg\" class=\"attachment-full size-full wp-image-1152\" alt=\"\" srcset=\"https:\/\/careeducation.eu\/wp-content\/uploads\/2025\/03\/DSC_0017-scaled-1-1.jpg 2560w, https:\/\/careeducation.eu\/wp-content\/uploads\/2025\/03\/DSC_0017-scaled-1-1-300x154.jpg 300w, https:\/\/careeducation.eu\/wp-content\/uploads\/2025\/03\/DSC_0017-scaled-1-1-1024x527.jpg 1024w, https:\/\/careeducation.eu\/wp-content\/uploads\/2025\/03\/DSC_0017-scaled-1-1-768x395.jpg 768w, https:\/\/careeducation.eu\/wp-content\/uploads\/2025\/03\/DSC_0017-scaled-1-1-1536x790.jpg 1536w, https:\/\/careeducation.eu\/wp-content\/uploads\/2025\/03\/DSC_0017-scaled-1-1-2048x1054.jpg 2048w\" sizes=\"(max-width: 2560px) 100vw, 2560px\" \/>\n                <\/div>\n                \n                <div class=\"elementskit-box-body ekit-image-box-body\">\n                    <div class=\"elementskit-box-content ekit-image-box-body-inner\">\n                                                <h3 class=\"elementskit-info-box-title\">\n\n                        Newsletter 1\n                        \n                    <\/h3>\n                                                        <\/div>\n\n                                <div class=\"elementskit-box-footer\">\n                    <div class=\"box-footer\">\n                        <div class=\"btn-wraper\">\n                                                            <a href=\"https:\/\/careeducation.eu\/docs\/newsletters\/pl\/1st_newsletter.pdf\" class=\"elementskit-btn whitespace--normal\">\n                                    Przeczytaj wi\u0119cej                                <\/a>\n                                                    <\/div>\n                    <\/div>\n                <\/div>\n                            <\/div>\n            <\/div>\n    <\/div>\t\t\t\t<\/div>\n\t\t\t\t<\/div>\n\t\t\t\t<\/div>\n\t\t<div class=\"elementor-element elementor-element-9550b17 e-con-full e-flex e-con e-child\" data-id=\"9550b17\" data-element_type=\"container\" data-e-type=\"container\" data-settings=\"{&quot;jet_parallax_layout_list&quot;:[]}\">\n\t\t<div class=\"elementor-element elementor-element-bb02c61 e-con-full e-flex e-con e-child\" data-id=\"bb02c61\" data-element_type=\"container\" data-e-type=\"container\" data-settings=\"{&quot;jet_parallax_layout_list&quot;:[]}\">\n\t\t\t\t<div class=\"elementor-element elementor-element-f9740b4 ekit-equal-height-disable elementor-widget elementor-widget-elementskit-image-box\" data-id=\"f9740b4\" data-element_type=\"widget\" data-e-type=\"widget\" data-widget_type=\"elementskit-image-box.default\">\n\t\t\t\t<div class=\"elementor-widget-container\">\n\t\t\t\t\t<div class=\"ekit-wid-con\" >\n            <div class=\"elementskit-info-image-box ekit-image-box text-center simple-card\" >\n\n                \n                <div class=\"elementskit-box-header image-box-img-center\">\n\n                    <img decoding=\"async\" width=\"1600\" height=\"822\" src=\"https:\/\/careeducation.eu\/wp-content\/uploads\/2025\/08\/newsletter2_img.jpg\" class=\"attachment-full size-full wp-image-2541\" alt=\"\" srcset=\"https:\/\/careeducation.eu\/wp-content\/uploads\/2025\/08\/newsletter2_img.jpg 1600w, https:\/\/careeducation.eu\/wp-content\/uploads\/2025\/08\/newsletter2_img-300x154.jpg 300w, https:\/\/careeducation.eu\/wp-content\/uploads\/2025\/08\/newsletter2_img-1024x526.jpg 1024w, https:\/\/careeducation.eu\/wp-content\/uploads\/2025\/08\/newsletter2_img-768x395.jpg 768w, https:\/\/careeducation.eu\/wp-content\/uploads\/2025\/08\/newsletter2_img-1536x789.jpg 1536w\" sizes=\"(max-width: 1600px) 100vw, 1600px\" \/>\n                <\/div>\n                \n                <div class=\"elementskit-box-body ekit-image-box-body\">\n                    <div class=\"elementskit-box-content ekit-image-box-body-inner\">\n                                                <h3 class=\"elementskit-info-box-title\">\n\n                        Newsletter 2\n                        \n                    <\/h3>\n                                                        <\/div>\n\n                                <div class=\"elementskit-box-footer\">\n                    <div class=\"box-footer\">\n                        <div class=\"btn-wraper\">\n                                                            <a href=\"https:\/\/careeducation.eu\/docs\/newsletters\/pl\/2nd_newsletter.pdf\" class=\"elementskit-btn whitespace--normal\">\n                                    Przeczytaj wi\u0119cej                                <\/a>\n                                                    <\/div>\n                    <\/div>\n                <\/div>\n                            <\/div>\n            <\/div>\n    <\/div>\t\t\t\t<\/div>\n\t\t\t\t<\/div>\n\t\t\t\t<\/div>\n\t\t\t\t<\/div>\n\t\t<div class=\"elementor-element elementor-element-1a09945 e-con-full e-flex e-con e-child\" data-id=\"1a09945\" data-element_type=\"container\" data-e-type=\"container\" data-settings=\"{&quot;jet_parallax_layout_list&quot;:[]}\">\n\t\t\t\t<div class=\"elementor-element elementor-element-95c2ad6 ekit-equal-height-enable elementor-widget elementor-widget-elementskit-image-box\" data-id=\"95c2ad6\" data-element_type=\"widget\" data-e-type=\"widget\" data-widget_type=\"elementskit-image-box.default\">\n\t\t\t\t<div class=\"elementor-widget-container\">\n\t\t\t\t\t<div class=\"ekit-wid-con\" >\n            <div class=\"elementskit-info-image-box ekit-image-box text-center simple-card\" >\n\n                \n                <div class=\"elementskit-box-header image-box-img-center\">\n\n                    <img decoding=\"async\" width=\"2481\" height=\"1522\" src=\"https:\/\/careeducation.eu\/wp-content\/uploads\/2026\/01\/3rd-Newsletter-CARE-1-pl.png\" class=\"attachment-full size-full wp-image-3595\" alt=\"\" srcset=\"https:\/\/careeducation.eu\/wp-content\/uploads\/2026\/01\/3rd-Newsletter-CARE-1-pl.png 2481w, https:\/\/careeducation.eu\/wp-content\/uploads\/2026\/01\/3rd-Newsletter-CARE-1-pl-300x184.png 300w, https:\/\/careeducation.eu\/wp-content\/uploads\/2026\/01\/3rd-Newsletter-CARE-1-pl-1024x628.png 1024w, https:\/\/careeducation.eu\/wp-content\/uploads\/2026\/01\/3rd-Newsletter-CARE-1-pl-768x471.png 768w, https:\/\/careeducation.eu\/wp-content\/uploads\/2026\/01\/3rd-Newsletter-CARE-1-pl-1536x942.png 1536w, https:\/\/careeducation.eu\/wp-content\/uploads\/2026\/01\/3rd-Newsletter-CARE-1-pl-2048x1256.png 2048w\" sizes=\"(max-width: 2481px) 100vw, 2481px\" \/>\n                <\/div>\n                \n                <div class=\"elementskit-box-body ekit-image-box-body\">\n                    <div class=\"elementskit-box-content ekit-image-box-body-inner\">\n                                                <h3 class=\"elementskit-info-box-title\">\n\n                        Newsletter 3\n                        \n                    <\/h3>\n                                                        <\/div>\n\n                                <div class=\"elementskit-box-footer\">\n                    <div class=\"box-footer\">\n                        <div class=\"btn-wraper\">\n                                                            <a href=\"https:\/\/careeducation.eu\/docs\/newsletters\/pl\/3rd_newsletter.pdf\" class=\"elementskit-btn whitespace--normal\">\n                                    Przeczytaj wi\u0119cej                                <\/a>\n                                                    <\/div>\n                    <\/div>\n                <\/div>\n                            <\/div>\n            <\/div>\n    <\/div>\t\t\t\t<\/div>\n\t\t\t\t<\/div>\n\t\t\t\t<\/div>\n\t\t\t\t\t<\/div>\n\t\t\t\t<\/div>\n\t\t<div class=\"elementor-element elementor-element-6544982 e-flex e-con-boxed e-con e-parent\" data-id=\"6544982\" data-element_type=\"container\" data-e-type=\"container\" data-settings=\"{&quot;background_background&quot;:&quot;gradient&quot;,&quot;jet_parallax_layout_list&quot;:[]}\">\n\t\t\t\t\t<div class=\"e-con-inner\">\n\t\t\t\t<div class=\"elementor-element elementor-element-07ccb24 elementor-widget elementor-widget-heading\" data-id=\"07ccb24\" data-element_type=\"widget\" data-e-type=\"widget\" data-widget_type=\"heading.default\">\n\t\t\t\t<div class=\"elementor-widget-container\">\n\t\t\t\t\t<h2 class=\"elementor-heading-title elementor-size-default\">Aktualno\u015bci<\/h2>\t\t\t\t<\/div>\n\t\t\t\t<\/div>\n\t\t\t\t<div class=\"elementor-element elementor-element-04054c3 elementor-widget elementor-widget-elementskit-blog-posts\" data-id=\"04054c3\" data-element_type=\"widget\" data-e-type=\"widget\" data-widget_type=\"elementskit-blog-posts.default\">\n\t\t\t\t<div class=\"elementor-widget-container\">\n\t\t\t\t\t<div class=\"ekit-wid-con\" >        <div id=\"post-items--04054c3\" class=\"row post-items\">\n                    <div class=\"col-lg-4 col-md-6\">\n\n                                    <div class=\"elementskit-post-image-card\">\n                        <div class=\"elementskit-entry-header\">\n                                                            <a href=\"https:\/\/careeducation.eu\/pl\/this-will-be-the-title-of-the-first-news-of-the-project\" class=\"elementskit-entry-thumb\">\n                                    <img decoding=\"async\" src=\"https:\/\/careeducation.eu\/wp-content\/uploads\/2025\/01\/education-1.jpg\" alt=\"This will be the title of the First News of the project\">\n                                <\/a><!-- .elementskit-entry-thumb END -->\n                                                            \n                            \n\t\t\t\t\t\t\t\t\t\t\t\t\t<\/div><!-- .elementskit-entry-header END -->\n\n\t\t\t\t\t\t<div class=\"elementskit-post-body \">\n\t\t\t\t\t\t\t\t\t\t\t\t\t\t\t\t\t\t\t\t<h2 class=\"entry-title\">\n\t\t\t\t\t<a href=\"https:\/\/careeducation.eu\/pl\/this-will-be-the-title-of-the-first-news-of-the-project\">\n\t\t\t\t\t\tThis will be the title of the First News of the project\t\t\t\t\t<\/a>\n\t\t\t\t<\/h2>\n\t\t\t\t\t\t\t\t\t\t\t\n\t\t\t\t\t\t\t\t\t\t\t\t\t\t\t\t\t\t\t\t\t\t\t\t\t\t\t\t<div class=\"post-meta-list\">\n\t\t\t\t\t\t\t\t\t\t\t\t\t\t\t\t\t\t\t\t\t\t\t\t\t\t\t\t\t\t\t\t<span class=\"meta-date\">\n\t\t\t\t\t\t\t\t\t\t<i aria-hidden=\"true\" class=\"icon icon-calendar3\"><\/i>\t\t\t\t\t\t\t\t\t\t<span class=\"meta-date-text\">\n\t\t\t\t\t\t\t\t\t\t\t2025-01-08\t\t\t\t\t\t\t\t\t\t<\/span>\n\t\t\t\t\t\t\t\t\t<\/span>\n\t\t\t\t\t\t\t\t\t\t\t\t\t\t\t\t\t\t\t\t\t\t\t\t\t\t\t\t\t\t\t\t\t\t\t\t\t<\/div>\n\t\t\t\t\t\t\t\t\t\t\t\t\t\n\t\t\t\t\t\t\t\t\n\t\t\t\t\t\t\t\t\t\t\t\t\t\t\t\t\t\t\t\t\t\t\t\t\t\t\t\t\t\t\t\t\t\t\t\t\t\t\t<p>Lorem ipsum dolor sit amet, consectetur adipiscing elit. Mauris eu mattis risus. Suspendisse pellentesque, tortor at rutrum volutpat, quam felis luctus nibh, non gravida arcu sapien quis mi. Phasellus mi turpis, mollis ullamcorper metus quis, viverra fringilla nisl. Suspendisse elementum gravida erat. Suspendisse eget ante ligula. Praesent laoreet, elit id&hellip;<\/p>\n\t\t\t\t\t\t\t\t\t\t\t\t\t\t\t\t\t\t\t\t\t\t                                                            <div class=\"btn-wraper\">\n                                    \n                                                                            <a class=\"elementskit-btn whitespace--normal\" id=\"\" href=\"https:\/\/careeducation.eu\/pl\/this-will-be-the-title-of-the-first-news-of-the-project\">\n                                        \t                                            Read More                                        <\/a>\n                                                                    <\/div>\n                                                    <\/div><!-- .elementskit-post-body END -->\n                    <\/div>\n                \n            <\/div>\n                <\/div>\n       <\/div>\t\t\t\t<\/div>\n\t\t\t\t<\/div>\n\t\t\t\t\t<\/div>\n\t\t\t\t<\/div>\n\t\t\t\t<\/div>\n\t\t","protected":false},"excerpt":{"rendered":"<p>Newslettery Brochure Newsletter 1 Przeczytaj wi\u0119cej Newsletter 2 Przeczytaj wi\u0119cej Newsletter 3 Przeczytaj wi\u0119cej Aktualno\u015bci This will be the title of the First News of the project January 8, 2025 Lorem ipsum dolor sit amet, consectetur adipiscing elit. Mauris eu mattis risus. Suspendisse pellentesque, tortor at rutrum volutpat, quam felis luctus nibh, non gravida arcu [&hellip;]<\/p>\n","protected":false},"author":1,"featured_media":0,"parent":0,"menu_order":0,"comment_status":"closed","ping_status":"closed","template":"","meta":{"footnotes":""},"class_list":["post-988","page","type-page","status-publish","hentry"],"_links":{"self":[{"href":"https:\/\/careeducation.eu\/pl\/wp-json\/wp\/v2\/pages\/988","targetHints":{"allow":["GET"]}}],"collection":[{"href":"https:\/\/careeducation.eu\/pl\/wp-json\/wp\/v2\/pages"}],"about":[{"href":"https:\/\/careeducation.eu\/pl\/wp-json\/wp\/v2\/types\/page"}],"author":[{"embeddable":true,"href":"https:\/\/careeducation.eu\/pl\/wp-json\/wp\/v2\/users\/1"}],"replies":[{"embeddable":true,"href":"https:\/\/careeducation.eu\/pl\/wp-json\/wp\/v2\/comments?post=988"}],"version-history":[{"count":28,"href":"https:\/\/careeducation.eu\/pl\/wp-json\/wp\/v2\/pages\/988\/revisions"}],"predecessor-version":[{"id":3603,"href":"https:\/\/careeducation.eu\/pl\/wp-json\/wp\/v2\/pages\/988\/revisions\/3603"}],"wp:attachment":[{"href":"https:\/\/careeducation.eu\/pl\/wp-json\/wp\/v2\/media?parent=988"}],"curies":[{"name":"wp","href":"https:\/\/api.w.org\/{rel}","templated":true}]}}